{"id":213,"date":"2026-01-18T15:09:03","date_gmt":"2026-01-18T14:09:03","guid":{"rendered":"https:\/\/gsgruppe.gs-mft.de\/?page_id=213"},"modified":"2026-02-01T11:42:46","modified_gmt":"2026-02-01T10:42:46","slug":"impressum","status":"publish","type":"page","link":"https:\/\/www.gs-gruppe.com\/de\/impressum\/","title":{"rendered":"Impressum"},"content":{"rendered":"\t\t<div data-elementor-type=\"wp-page\" data-elementor-id=\"213\" class=\"elementor elementor-213\" data-elementor-post-type=\"page\">\n\t\t\t\t<div class=\"elementor-element elementor-element-e0b899e e-flex e-con-boxed e-con e-parent\" data-id=\"e0b899e\" data-element_type=\"container\">\n\t\t\t\t\t<div class=\"e-con-inner\">\n\t\t\t\t<div class=\"elementor-element elementor-element-2a49a9e elementor-widget elementor-widget-heading\" data-id=\"2a49a9e\" data-element_type=\"widget\" data-widget_type=\"heading.default\">\n\t\t\t\t\t<h2 class=\"elementor-heading-title elementor-size-default\">Impressum GS Gruppe<\/h2>\t\t\t\t<\/div>\n\t\t\t\t<div class=\"elementor-element elementor-element-0172b22 elementor-widget-divider--view-line elementor-widget elementor-widget-divider\" data-id=\"0172b22\" data-element_type=\"widget\" data-widget_type=\"divider.default\">\n\t\t\t\t\t\t\t<div class=\"elementor-divider\">\n\t\t\t<span class=\"elementor-divider-separator\">\n\t\t\t\t\t\t<\/span>\n\t\t<\/div>\n\t\t\t\t\t\t<\/div>\n\t\t\t\t<div class=\"elementor-element elementor-element-b1e2c13 elementor-widget elementor-widget-text-editor\" data-id=\"b1e2c13\" data-element_type=\"widget\" data-widget_type=\"text-editor.default\">\n\t\t\t\t\t\t\t\t\t<h5>Gesetzliche Anbieterkennung<\/h5><p><strong>GS Maschinenbau GmbH<\/strong><br \/>Im Gewerbepark B69<br \/>93059 Regensburg<br \/>Germany<\/p><p>Tel. <a href=\"tel:+499415993950\">0941-5993950<\/a><br \/>eMail <a href=\"mailto:info@gs-gruppe.com\">info@gs-gruppe.com<\/a><\/p>\t\t\t\t\t\t\t\t<\/div>\n\t\t\t\t\t<\/div>\n\t\t\t\t<\/div>\n\t\t<div class=\"elementor-element elementor-element-68ea4ed e-flex e-con-boxed e-con e-parent\" data-id=\"68ea4ed\" data-element_type=\"container\">\n\t\t\t\t\t<div class=\"e-con-inner\">\n\t\t\t\t<div class=\"elementor-element elementor-element-07e2004 elementor-widget elementor-widget-text-editor\" data-id=\"07e2004\" data-element_type=\"widget\" data-widget_type=\"text-editor.default\">\n\t\t\t\t\t\t\t\t\t<p><strong>Diese vertreten durch die Gesch\u00e4ftsf\u00fchrer:<\/strong><br \/>Petar Desnica<\/p><p><strong>UST-ID-Nummer<\/strong><br \/>DE133701485<\/p><p><strong>Hinweis<\/strong><br \/>Die Europ\u00e4ische Kommission stellt eine Plattform f\u00fcr die au\u00dfergerichtliche Online-Streitbeilegung (OS-Plattform) bereit, aufrufbar unter http:\/\/ec.europa.eu\/odr.<\/p><p><strong>Haftungsausschluss<\/strong><br \/>Der Inhalt dieser Seiten wurde mit viel Sorgfalt zusammengestellt und gepr\u00fcft. Eine Garantie f\u00fcr die Vollst\u00e4ndigkeit, Korrektheit und letzte Aktualit\u00e4t kann die GS Maschinenbau GmbH jedoch nicht \u00fcbernehmen und schlie\u00dft daher eine Haftung f\u00fcr Sch\u00e4den jeder Art, die direkt oder indirekt aus der Benutzung der Website entstehen, aus.<br \/>Ferner beh\u00e4lt sich die GS Maschinenbau GmbH das Recht vor, jederzeit die Angaben zu \u00e4ndern, zu erg\u00e4nzen oder zu l\u00f6schen. Die global sourcing GmbH ist f\u00fcr die Inhalte anderer Internet-Seiten, auf die mittels Hyperlink verwiesen wird oder f\u00fcr Seiten, welche auf die Internet-Seiten der GS Maschinenbau GmbH durch Hyperlink verweisen, nicht verantwortlich.<\/p><p><strong>Copyright<\/strong><br \/>Alle Rechte vorbehalten. Texte, Bilder, Graphiken, Ton-, Video- und Animationsdateien sowie ihre Arrangements unterliegen dem Urheberrecht und anderen Gesetzen zum Schutz geistigen Eigentums. Ihre Weitergabe, Ver\u00e4nderung oder Nutzung bedarf der vorherigen schriftlichen Zustimmung durch die global sourcing GmbH. Unsere Internet-Seiten k\u00f6nnen Bilder enthalten, die dem Urheberrecht derjenigen unterliegen, die diese zur Verf\u00fcgung gestellt haben.<\/p>\t\t\t\t\t\t\t\t<\/div>\n\t\t\t\t\t<\/div>\n\t\t\t\t<\/div>\n\t\t\t\t<\/div>\n\t\t","protected":false},"excerpt":{"rendered":"<p>Impressum GS Gruppe Gesetzliche Anbieterkennung GS Maschinenbau GmbHIm Gewerbepark B6993059 RegensburgGermany Tel. 0941-5993950eMail info@gs-gruppe.com Diese vertreten durch die Gesch\u00e4ftsf\u00fchrer:Petar Desnica UST-ID-NummerDE133701485 HinweisDie Europ\u00e4ische Kommission stellt eine Plattform f\u00fcr die au\u00dfergerichtliche Online-Streitbeilegung (OS-Plattform) bereit, aufrufbar unter https:\/\/ec.europa.eu\/odr. HaftungsausschlussDer Inhalt dieser Seiten wurde mit viel Sorgfalt zusammengestellt und gepr\u00fcft. Eine Garantie f\u00fcr die Vollst\u00e4ndigkeit, Korrektheit und letzte [&hellip;]<\/p>\n","protected":false},"author":1,"featured_media":0,"parent":0,"menu_order":0,"comment_status":"closed","ping_status":"closed","template":"","meta":{"footnotes":""},"folder":[16],"class_list":["post-213","page","type-page","status-publish","hentry"],"_links":{"self":[{"href":"https:\/\/www.gs-gruppe.com\/de\/wp-json\/wp\/v2\/pages\/213","targetHints":{"allow":["GET"]}}],"collection":[{"href":"https:\/\/www.gs-gruppe.com\/de\/wp-json\/wp\/v2\/pages"}],"about":[{"href":"https:\/\/www.gs-gruppe.com\/de\/wp-json\/wp\/v2\/types\/page"}],"author":[{"embeddable":true,"href":"https:\/\/www.gs-gruppe.com\/de\/wp-json\/wp\/v2\/users\/1"}],"replies":[{"embeddable":true,"href":"https:\/\/www.gs-gruppe.com\/de\/wp-json\/wp\/v2\/comments?post=213"}],"version-history":[{"count":22,"href":"https:\/\/www.gs-gruppe.com\/de\/wp-json\/wp\/v2\/pages\/213\/revisions"}],"predecessor-version":[{"id":992,"href":"https:\/\/www.gs-gruppe.com\/de\/wp-json\/wp\/v2\/pages\/213\/revisions\/992"}],"wp:attachment":[{"href":"https:\/\/www.gs-gruppe.com\/de\/wp-json\/wp\/v2\/media?parent=213"}],"wp:term":[{"taxonomy":"folder","embeddable":true,"href":"https:\/\/www.gs-gruppe.com\/de\/wp-json\/wp\/v2\/folder?post=213"}],"curies":[{"name":"wp","href":"https:\/\/api.w.org\/{rel}","templated":true}]}}