{"id":211,"date":"2026-01-18T15:08:44","date_gmt":"2026-01-18T14:08:44","guid":{"rendered":"https:\/\/gsgruppe.gs-mft.de\/?page_id=211"},"modified":"2026-02-04T15:23:17","modified_gmt":"2026-02-04T14:23:17","slug":"karriere","status":"publish","type":"page","link":"https:\/\/www.gs-gruppe.com\/de\/karriere\/","title":{"rendered":"Karriere"},"content":{"rendered":"\t\t<div data-elementor-type=\"wp-page\" data-elementor-id=\"211\" class=\"elementor elementor-211\" data-elementor-post-type=\"page\">\n\t\t\t\t<div class=\"elementor-element elementor-element-6a7da1f elementor-hidden-mobile e-flex e-con-boxed e-con e-parent\" data-id=\"6a7da1f\" data-element_type=\"container\" data-settings=\"{&quot;background_background&quot;:&quot;classic&quot;}\">\n\t\t\t\t\t<div class=\"e-con-inner\">\n\t\t<div class=\"elementor-element elementor-element-8bc68c4 e-con-full e-flex e-con e-child\" data-id=\"8bc68c4\" data-element_type=\"container\" data-settings=\"{&quot;background_background&quot;:&quot;classic&quot;}\">\n\t\t\t\t<div class=\"elementor-element elementor-element-3e17ddb elementor-widget elementor-widget-image\" data-id=\"3e17ddb\" data-element_type=\"widget\" data-widget_type=\"image.default\">\n\t\t\t\t\t\t\t\t\t\t\t\t\t\t\t<img fetchpriority=\"high\" decoding=\"async\" width=\"637\" height=\"550\" src=\"https:\/\/www.gs-gruppe.com\/wp-content\/uploads\/2026\/01\/2601-img-blue-overlay.webp\" class=\"attachment-full size-full wp-image-283\" alt=\"GS Gruppe Blue Overlay\" srcset=\"https:\/\/www.gs-gruppe.com\/wp-content\/uploads\/2026\/01\/2601-img-blue-overlay.webp 637w, https:\/\/www.gs-gruppe.com\/wp-content\/uploads\/2026\/01\/2601-img-blue-overlay-300x259.webp 300w\" sizes=\"(max-width: 637px) 100vw, 637px\" \/>\t\t\t\t\t\t\t\t\t\t\t\t\t\t\t<\/div>\n\t\t\t\t<div class=\"elementor-element elementor-element-88bf2a7 elementor-absolute elementor-widget__width-initial elementor-widget elementor-widget-text-editor\" data-id=\"88bf2a7\" data-element_type=\"widget\" data-settings=\"{&quot;_position&quot;:&quot;absolute&quot;}\" data-widget_type=\"text-editor.default\">\n\t\t\t\t\t\t\t\t\t<h1 style=\"color: #ffffff;\">Karriere<\/h1>\nKarriere mit Perspektive und Qualit\u00e4t\t\t\t\t\t\t\t\t<\/div>\n\t\t\t\t<\/div>\n\t\t\t\t\t<\/div>\n\t\t\t\t<\/div>\n\t\t<div class=\"elementor-element elementor-element-ee34653 elementor-hidden-desktop elementor-hidden-laptop elementor-hidden-tablet e-flex e-con-boxed e-con e-parent\" data-id=\"ee34653\" data-element_type=\"container\" data-settings=\"{&quot;background_background&quot;:&quot;classic&quot;}\">\n\t\t\t\t\t<div class=\"e-con-inner\">\n\t\t<div class=\"elementor-element elementor-element-0c317e3 e-con-full e-flex e-con e-child\" data-id=\"0c317e3\" data-element_type=\"container\" data-settings=\"{&quot;background_background&quot;:&quot;classic&quot;}\">\n\t\t\t\t<div class=\"elementor-element elementor-element-97c8e0e elementor-widget elementor-widget-image\" data-id=\"97c8e0e\" data-element_type=\"widget\" data-widget_type=\"image.default\">\n\t\t\t\t\t\t\t\t\t\t\t\t\t\t\t<img decoding=\"async\" width=\"936\" height=\"596\" src=\"https:\/\/www.gs-gruppe.com\/wp-content\/uploads\/2026\/01\/2601-img-blue-overlay-mbl.webp\" class=\"attachment-full size-full wp-image-354\" alt=\"GS Gruppe Blue Overlay Mobile\" srcset=\"https:\/\/www.gs-gruppe.com\/wp-content\/uploads\/2026\/01\/2601-img-blue-overlay-mbl.webp 936w, https:\/\/www.gs-gruppe.com\/wp-content\/uploads\/2026\/01\/2601-img-blue-overlay-mbl-300x191.webp 300w, https:\/\/www.gs-gruppe.com\/wp-content\/uploads\/2026\/01\/2601-img-blue-overlay-mbl-768x489.webp 768w\" sizes=\"(max-width: 936px) 100vw, 936px\" \/>\t\t\t\t\t\t\t\t\t\t\t\t\t\t\t<\/div>\n\t\t\t\t<div class=\"elementor-element elementor-element-ec3050e elementor-absolute elementor-widget-mobile__width-inherit elementor-widget elementor-widget-text-editor\" data-id=\"ec3050e\" data-element_type=\"widget\" data-settings=\"{&quot;_position&quot;:&quot;absolute&quot;}\" data-widget_type=\"text-editor.default\">\n\t\t\t\t\t\t\t\t\t<h1 style=\"color: #ffffff; line-height: 2rem; font-size: 2rem; padding-bottom: 0; margin-bottom: 5px;\">Karriere<\/h1>\nKarriere mit Perspektive und Qualit\u00e4t\t\t\t\t\t\t\t\t<\/div>\n\t\t\t\t<\/div>\n\t\t\t\t\t<\/div>\n\t\t\t\t<\/div>\n\t\t<div class=\"elementor-element elementor-element-a8e7030 e-flex e-con-boxed e-con e-parent\" data-id=\"a8e7030\" data-element_type=\"container\">\n\t\t\t\t\t<div class=\"e-con-inner\">\n\t\t\t\t<div class=\"elementor-element elementor-element-a07e1b0 elementor-widget elementor-widget-heading\" data-id=\"a07e1b0\" data-element_type=\"widget\" data-widget_type=\"heading.default\">\n\t\t\t\t\t<h2 class=\"elementor-heading-title elementor-size-default\">Bald f\u00fcr Sie verf\u00fcgbar<\/h2>\t\t\t\t<\/div>\n\t\t\t\t<div class=\"elementor-element elementor-element-e1d8755 elementor-widget elementor-widget-text-editor\" data-id=\"e1d8755\" data-element_type=\"widget\" data-widget_type=\"text-editor.default\">\n\t\t\t\t\t\t\t\t\t<p>Diese Seite befindet sich im Aufbau. Schauen Sie bald wieder vorbei.<\/p>\t\t\t\t\t\t\t\t<\/div>\n\t\t\t\t\t<\/div>\n\t\t\t\t<\/div>\n\t\t\t\t<\/div>\n\t\t","protected":false},"excerpt":{"rendered":"<p>Karriere Karriere mit Perspektive und Qualit\u00e4t Karriere Karriere mit Perspektive und Qualit\u00e4t Bald f\u00fcr Sie verf\u00fcgbar Diese Seite befindet sich im Aufbau. Schauen Sie bald wieder vorbei.<\/p>\n","protected":false},"author":1,"featured_media":0,"parent":0,"menu_order":0,"comment_status":"closed","ping_status":"closed","template":"","meta":{"footnotes":""},"folder":[8],"class_list":["post-211","page","type-page","status-publish","hentry"],"_links":{"self":[{"href":"https:\/\/www.gs-gruppe.com\/de\/wp-json\/wp\/v2\/pages\/211","targetHints":{"allow":["GET"]}}],"collection":[{"href":"https:\/\/www.gs-gruppe.com\/de\/wp-json\/wp\/v2\/pages"}],"about":[{"href":"https:\/\/www.gs-gruppe.com\/de\/wp-json\/wp\/v2\/types\/page"}],"author":[{"embeddable":true,"href":"https:\/\/www.gs-gruppe.com\/de\/wp-json\/wp\/v2\/users\/1"}],"replies":[{"embeddable":true,"href":"https:\/\/www.gs-gruppe.com\/de\/wp-json\/wp\/v2\/comments?post=211"}],"version-history":[{"count":10,"href":"https:\/\/www.gs-gruppe.com\/de\/wp-json\/wp\/v2\/pages\/211\/revisions"}],"predecessor-version":[{"id":1120,"href":"https:\/\/www.gs-gruppe.com\/de\/wp-json\/wp\/v2\/pages\/211\/revisions\/1120"}],"wp:attachment":[{"href":"https:\/\/www.gs-gruppe.com\/de\/wp-json\/wp\/v2\/media?parent=211"}],"wp:term":[{"taxonomy":"folder","embeddable":true,"href":"https:\/\/www.gs-gruppe.com\/de\/wp-json\/wp\/v2\/folder?post=211"}],"curies":[{"name":"wp","href":"https:\/\/api.w.org\/{rel}","templated":true}]}}