{"id":193,"date":"2026-01-18T15:05:37","date_gmt":"2026-01-18T14:05:37","guid":{"rendered":"https:\/\/gsgruppe.gs-mft.de\/?page_id=193"},"modified":"2026-02-03T09:04:05","modified_gmt":"2026-02-03T08:04:05","slug":"beschichtung","status":"publish","type":"page","link":"https:\/\/www.gs-gruppe.com\/de\/beschichtung\/","title":{"rendered":"Beschichtung"},"content":{"rendered":"\t\t<div data-elementor-type=\"wp-page\" data-elementor-id=\"193\" class=\"elementor elementor-193\" data-elementor-post-type=\"page\">\n\t\t\t\t<div class=\"elementor-element elementor-element-dfb51e9 elementor-hidden-mobile e-flex e-con-boxed e-con e-parent\" data-id=\"dfb51e9\" data-element_type=\"container\" data-settings=\"{&quot;background_background&quot;:&quot;classic&quot;}\">\n\t\t\t\t\t<div class=\"e-con-inner\">\n\t\t<div class=\"elementor-element elementor-element-9b71fbc e-con-full e-flex e-con e-child\" data-id=\"9b71fbc\" data-element_type=\"container\" data-settings=\"{&quot;background_background&quot;:&quot;classic&quot;}\">\n\t\t\t\t<div class=\"elementor-element elementor-element-39e64cf elementor-widget elementor-widget-image\" data-id=\"39e64cf\" data-element_type=\"widget\" data-widget_type=\"image.default\">\n\t\t\t\t\t\t\t\t\t\t\t\t\t\t\t<img fetchpriority=\"high\" decoding=\"async\" width=\"637\" height=\"550\" src=\"https:\/\/www.gs-gruppe.com\/wp-content\/uploads\/2026\/01\/2601-img-blue-overlay.webp\" class=\"attachment-full size-full wp-image-283\" alt=\"GS Gruppe Blue Overlay\" srcset=\"https:\/\/www.gs-gruppe.com\/wp-content\/uploads\/2026\/01\/2601-img-blue-overlay.webp 637w, https:\/\/www.gs-gruppe.com\/wp-content\/uploads\/2026\/01\/2601-img-blue-overlay-300x259.webp 300w\" sizes=\"(max-width: 637px) 100vw, 637px\" \/>\t\t\t\t\t\t\t\t\t\t\t\t\t\t\t<\/div>\n\t\t\t\t<div class=\"elementor-element elementor-element-3ae3053 elementor-absolute elementor-widget__width-initial elementor-widget elementor-widget-text-editor\" data-id=\"3ae3053\" data-element_type=\"widget\" data-settings=\"{&quot;_position&quot;:&quot;absolute&quot;}\" data-widget_type=\"text-editor.default\">\n\t\t\t\t\t\t\t\t\t<h1 style=\"color: #ffffff; line-height: 3rem;\">Oberfl\u00e4chen- behandlung<\/h1>\nGesicherte Langlebigkeit durch\nwirksamen Schutz vor Korosion\t\t\t\t\t\t\t\t<\/div>\n\t\t\t\t<\/div>\n\t\t\t\t\t<\/div>\n\t\t\t\t<\/div>\n\t\t<div class=\"elementor-element elementor-element-beb4f2e elementor-hidden-desktop elementor-hidden-laptop elementor-hidden-tablet e-flex e-con-boxed e-con e-parent\" data-id=\"beb4f2e\" data-element_type=\"container\" data-settings=\"{&quot;background_background&quot;:&quot;classic&quot;}\">\n\t\t\t\t\t<div class=\"e-con-inner\">\n\t\t<div class=\"elementor-element elementor-element-f56bdb7 e-con-full e-flex e-con e-child\" data-id=\"f56bdb7\" data-element_type=\"container\" data-settings=\"{&quot;background_background&quot;:&quot;classic&quot;}\">\n\t\t\t\t<div class=\"elementor-element elementor-element-5e45f82 elementor-widget elementor-widget-image\" data-id=\"5e45f82\" data-element_type=\"widget\" data-widget_type=\"image.default\">\n\t\t\t\t\t\t\t\t\t\t\t\t\t\t\t<img decoding=\"async\" width=\"936\" height=\"596\" src=\"https:\/\/www.gs-gruppe.com\/wp-content\/uploads\/2026\/01\/2601-img-blue-overlay-mbl.webp\" class=\"attachment-full size-full wp-image-354\" alt=\"GS Gruppe Blue Overlay Mobile\" srcset=\"https:\/\/www.gs-gruppe.com\/wp-content\/uploads\/2026\/01\/2601-img-blue-overlay-mbl.webp 936w, https:\/\/www.gs-gruppe.com\/wp-content\/uploads\/2026\/01\/2601-img-blue-overlay-mbl-300x191.webp 300w, https:\/\/www.gs-gruppe.com\/wp-content\/uploads\/2026\/01\/2601-img-blue-overlay-mbl-768x489.webp 768w\" sizes=\"(max-width: 936px) 100vw, 936px\" \/>\t\t\t\t\t\t\t\t\t\t\t\t\t\t\t<\/div>\n\t\t\t\t<div class=\"elementor-element elementor-element-76a315b elementor-absolute elementor-widget-mobile__width-inherit elementor-widget elementor-widget-text-editor\" data-id=\"76a315b\" data-element_type=\"widget\" data-settings=\"{&quot;_position&quot;:&quot;absolute&quot;}\" data-widget_type=\"text-editor.default\">\n\t\t\t\t\t\t\t\t\t<h1 style=\"color: #ffffff; line-height: 2rem; font-size: 2rem; padding-bottom: 0; margin-bottom: 5px;\">Oberfl\u00e4chen- behandlung<\/h1>\nGesicherte Langlebigkeit durch wirksamen Schutz vor Korosion\t\t\t\t\t\t\t\t<\/div>\n\t\t\t\t<\/div>\n\t\t\t\t\t<\/div>\n\t\t\t\t<\/div>\n\t\t<div class=\"elementor-element elementor-element-0042af7 e-flex e-con-boxed e-con e-parent\" data-id=\"0042af7\" data-element_type=\"container\">\n\t\t\t\t\t<div class=\"e-con-inner\">\n\t\t<div class=\"elementor-element elementor-element-691d028 e-con-full e-flex e-con e-child\" data-id=\"691d028\" data-element_type=\"container\">\n\t\t\t\t<div class=\"elementor-element elementor-element-f24a2d3 elementor-widget elementor-widget-heading\" data-id=\"f24a2d3\" data-element_type=\"widget\" data-widget_type=\"heading.default\">\n\t\t\t\t\t<h3 class=\"elementor-heading-title elementor-size-default\">Beschichtungsl\u00f6sungen<\/h3>\t\t\t\t<\/div>\n\t\t\t\t<div class=\"elementor-element elementor-element-f4e76ed elementor-widget-divider--view-line elementor-widget elementor-widget-divider\" data-id=\"f4e76ed\" data-element_type=\"widget\" data-widget_type=\"divider.default\">\n\t\t\t\t\t\t\t<div class=\"elementor-divider\">\n\t\t\t<span class=\"elementor-divider-separator\">\n\t\t\t\t\t\t<\/span>\n\t\t<\/div>\n\t\t\t\t\t\t<\/div>\n\t\t\t\t<div class=\"elementor-element elementor-element-b1b1f56 elementor-widget elementor-widget-text-editor\" data-id=\"b1b1f56\" data-element_type=\"widget\" data-widget_type=\"text-editor.default\">\n\t\t\t\t\t\t\t\t\t<p>In unserer Lackierabteilung stellen erfahrene Verfahrensingenieure die gleichbleibend hohe Qualit\u00e4t aller Beschichtungsprozesse sicher. S\u00e4mtliche bei uns gefertigten Produkte werden ausschlie\u00dflich oberfl\u00e4chenbehandelt an unsere Kunden ausgeliefert. Hierbei bieten wir sowohl Nasslackierung als auch Pulverbeschichtung an, um individuelle Kundenanforderungen abzudecken.<\/p><p>Nasslackierte Komponenten k\u00f6nnen bis zu Abmessungen von 16.000 \u00d7 5.000 \u00d7 4.000 mm (L \u00d7 B \u00d7 H) bearbeitet werden. Im Bereich der Pulverbeschichtung verarbeiten wir Bauteile mit einer maximalen Breite von 700 mm.<\/p><p>Nach Abschluss der Beschichtung werden alle Werkst\u00fccke durch unsere spezialisierte Logistikabteilung fachgerecht verladen und mit ma\u00dfgeschneiderten Verpackungsl\u00f6sungen f\u00fcr den sicheren, weltweiten Transport vorbereitet.<\/p>\t\t\t\t\t\t\t\t<\/div>\n\t\t\t\t<\/div>\n\t\t<div class=\"elementor-element elementor-element-c911b31 e-con-full e-flex e-con e-child\" data-id=\"c911b31\" data-element_type=\"container\">\n\t\t\t\t<div class=\"elementor-element elementor-element-3b8ab68 elementor-widget elementor-widget-image\" data-id=\"3b8ab68\" data-element_type=\"widget\" data-widget_type=\"image.default\">\n\t\t\t\t\t\t\t\t\t\t\t\t\t\t\t<img decoding=\"async\" width=\"490\" height=\"320\" src=\"https:\/\/www.gs-gruppe.com\/wp-content\/uploads\/2026\/01\/gs-gruppe-leistungen-beschichtungen-2.webp\" class=\"attachment-full size-full wp-image-605\" alt=\"GS Gruppe Beschichtungen\" srcset=\"https:\/\/www.gs-gruppe.com\/wp-content\/uploads\/2026\/01\/gs-gruppe-leistungen-beschichtungen-2.webp 490w, https:\/\/www.gs-gruppe.com\/wp-content\/uploads\/2026\/01\/gs-gruppe-leistungen-beschichtungen-2-300x196.webp 300w\" sizes=\"(max-width: 490px) 100vw, 490px\" \/>\t\t\t\t\t\t\t\t\t\t\t\t\t\t\t<\/div>\n\t\t\t\t<\/div>\n\t\t\t\t\t<\/div>\n\t\t\t\t<\/div>\n\t\t<div class=\"elementor-element elementor-element-adde651 e-flex e-con-boxed e-con e-parent\" data-id=\"adde651\" data-element_type=\"container\">\n\t\t\t\t\t<div class=\"e-con-inner\">\n\t\t\t\t<div class=\"elementor-element elementor-element-bbb0081 elementor-widget__width-inherit elementor-widget elementor-widget-text-editor\" data-id=\"bbb0081\" data-element_type=\"widget\" data-widget_type=\"text-editor.default\">\n\t\t\t\t\t\t\t\t\t<p>Technische Spezifikation<\/p>\t\t\t\t\t\t\t\t<\/div>\n\t\t\t\t<div class=\"elementor-element elementor-element-621914e elementor-widget-divider--view-line elementor-widget elementor-widget-divider\" data-id=\"621914e\" data-element_type=\"widget\" data-widget_type=\"divider.default\">\n\t\t\t\t\t\t\t<div class=\"elementor-divider\">\n\t\t\t<span class=\"elementor-divider-separator\">\n\t\t\t\t\t\t<\/span>\n\t\t<\/div>\n\t\t\t\t\t\t<\/div>\n\t\t\t\t<div class=\"elementor-element elementor-element-fa8c424 elementor-widget__width-initial elementor-widget-mobile__width-inherit elementor-widget elementor-widget-text-editor\" data-id=\"fa8c424\" data-element_type=\"widget\" data-widget_type=\"text-editor.default\">\n\t\t\t\t\t\t\t\t\t<p>Nasslackierung<\/p>\t\t\t\t\t\t\t\t<\/div>\n\t\t\t\t<div class=\"elementor-element elementor-element-c58064b elementor-widget__width-initial elementor-widget-mobile__width-inherit elementor-widget elementor-widget-text-editor\" data-id=\"c58064b\" data-element_type=\"widget\" data-widget_type=\"text-editor.default\">\n\t\t\t\t\t\t\t\t\t<p>max Werkst\u00fcck Gr\u00f6\u00dfe 16.000 mm x 5.000 mm x 4.000 mm (LxBxH)<\/p>\t\t\t\t\t\t\t\t<\/div>\n\t\t\t\t<div class=\"elementor-element elementor-element-81595a7 elementor-widget-divider--view-line elementor-widget elementor-widget-divider\" data-id=\"81595a7\" data-element_type=\"widget\" data-widget_type=\"divider.default\">\n\t\t\t\t\t\t\t<div class=\"elementor-divider\">\n\t\t\t<span class=\"elementor-divider-separator\">\n\t\t\t\t\t\t<\/span>\n\t\t<\/div>\n\t\t\t\t\t\t<\/div>\n\t\t\t\t<div class=\"elementor-element elementor-element-3f6d635 elementor-widget__width-initial elementor-widget-mobile__width-inherit elementor-widget elementor-widget-text-editor\" data-id=\"3f6d635\" data-element_type=\"widget\" data-widget_type=\"text-editor.default\">\n\t\t\t\t\t\t\t\t\t<p>Pulverbeschichtung<\/p>\t\t\t\t\t\t\t\t<\/div>\n\t\t\t\t<div class=\"elementor-element elementor-element-89e3f26 elementor-widget__width-initial elementor-widget-mobile__width-inherit elementor-widget elementor-widget-text-editor\" data-id=\"89e3f26\" data-element_type=\"widget\" data-widget_type=\"text-editor.default\">\n\t\t\t\t\t\t\t\t\t<p>max. Werkst\u00fcck Breite 700 mm<\/p>\t\t\t\t\t\t\t\t<\/div>\n\t\t\t\t<div class=\"elementor-element elementor-element-4a4e17f elementor-widget-divider--view-line elementor-widget elementor-widget-divider\" data-id=\"4a4e17f\" data-element_type=\"widget\" data-widget_type=\"divider.default\">\n\t\t\t\t\t\t\t<div class=\"elementor-divider\">\n\t\t\t<span class=\"elementor-divider-separator\">\n\t\t\t\t\t\t<\/span>\n\t\t<\/div>\n\t\t\t\t\t\t<\/div>\n\t\t\t\t\t<\/div>\n\t\t\t\t<\/div>\n\t\t<div class=\"elementor-element elementor-element-d192e7f e-flex e-con-boxed e-con e-parent\" data-id=\"d192e7f\" data-element_type=\"container\">\n\t\t\t\t\t<div class=\"e-con-inner\">\n\t\t<div class=\"elementor-element elementor-element-3c8e229 e-con-full e-flex e-con e-child\" data-id=\"3c8e229\" data-element_type=\"container\">\n\t\t\t\t<div class=\"elementor-element elementor-element-99962e7 elementor-widget elementor-widget-image\" data-id=\"99962e7\" data-element_type=\"widget\" data-widget_type=\"image.default\">\n\t\t\t\t\t\t\t\t\t\t\t\t\t\t\t<img loading=\"lazy\" decoding=\"async\" width=\"490\" height=\"320\" src=\"https:\/\/www.gs-gruppe.com\/wp-content\/uploads\/2026\/02\/2601-gs-gruppe-beschichtung-img-2.webp\" class=\"attachment-full size-full wp-image-1087\" alt=\"GS Gruppe - Beschichtung\" srcset=\"https:\/\/www.gs-gruppe.com\/wp-content\/uploads\/2026\/02\/2601-gs-gruppe-beschichtung-img-2.webp 490w, https:\/\/www.gs-gruppe.com\/wp-content\/uploads\/2026\/02\/2601-gs-gruppe-beschichtung-img-2-300x196.webp 300w\" sizes=\"(max-width: 490px) 100vw, 490px\" \/>\t\t\t\t\t\t\t\t\t\t\t\t\t\t\t<\/div>\n\t\t\t\t<\/div>\n\t\t<div class=\"elementor-element elementor-element-8f41e2c e-con-full e-flex e-con e-child\" data-id=\"8f41e2c\" data-element_type=\"container\">\n\t\t\t\t<div class=\"elementor-element elementor-element-fc71ad1 elementor-widget elementor-widget-image\" data-id=\"fc71ad1\" data-element_type=\"widget\" data-widget_type=\"image.default\">\n\t\t\t\t\t\t\t\t\t\t\t\t\t\t\t<img loading=\"lazy\" decoding=\"async\" width=\"490\" height=\"320\" src=\"https:\/\/www.gs-gruppe.com\/wp-content\/uploads\/2026\/02\/2601-gs-gruppe-beschichtung-img-1.webp\" class=\"attachment-full size-full wp-image-1086\" alt=\"GS Gruppe - Beschichtung\" srcset=\"https:\/\/www.gs-gruppe.com\/wp-content\/uploads\/2026\/02\/2601-gs-gruppe-beschichtung-img-1.webp 490w, https:\/\/www.gs-gruppe.com\/wp-content\/uploads\/2026\/02\/2601-gs-gruppe-beschichtung-img-1-300x196.webp 300w\" sizes=\"(max-width: 490px) 100vw, 490px\" \/>\t\t\t\t\t\t\t\t\t\t\t\t\t\t\t<\/div>\n\t\t\t\t<\/div>\n\t\t\t\t\t<\/div>\n\t\t\t\t<\/div>\n\t\t\t\t<\/div>\n\t\t","protected":false},"excerpt":{"rendered":"<p>Oberfl\u00e4chen- behandlung Gesicherte Langlebigkeit durch wirksamen Schutz vor Korosion Oberfl\u00e4chen- behandlung Gesicherte Langlebigkeit durch wirksamen Schutz vor Korosion Beschichtungsl\u00f6sungen In unserer Lackierabteilung stellen erfahrene Verfahrensingenieure die gleichbleibend hohe Qualit\u00e4t aller Beschichtungsprozesse sicher. S\u00e4mtliche bei uns gefertigten Produkte werden ausschlie\u00dflich oberfl\u00e4chenbehandelt an unsere Kunden ausgeliefert. Hierbei bieten wir sowohl Nasslackierung als auch Pulverbeschichtung an, um individuelle [&hellip;]<\/p>\n","protected":false},"author":1,"featured_media":0,"parent":0,"menu_order":0,"comment_status":"closed","ping_status":"closed","template":"","meta":{"footnotes":""},"folder":[17],"class_list":["post-193","page","type-page","status-publish","hentry"],"_links":{"self":[{"href":"https:\/\/www.gs-gruppe.com\/de\/wp-json\/wp\/v2\/pages\/193","targetHints":{"allow":["GET"]}}],"collection":[{"href":"https:\/\/www.gs-gruppe.com\/de\/wp-json\/wp\/v2\/pages"}],"about":[{"href":"https:\/\/www.gs-gruppe.com\/de\/wp-json\/wp\/v2\/types\/page"}],"author":[{"embeddable":true,"href":"https:\/\/www.gs-gruppe.com\/de\/wp-json\/wp\/v2\/users\/1"}],"replies":[{"embeddable":true,"href":"https:\/\/www.gs-gruppe.com\/de\/wp-json\/wp\/v2\/comments?post=193"}],"version-history":[{"count":28,"href":"https:\/\/www.gs-gruppe.com\/de\/wp-json\/wp\/v2\/pages\/193\/revisions"}],"predecessor-version":[{"id":1091,"href":"https:\/\/www.gs-gruppe.com\/de\/wp-json\/wp\/v2\/pages\/193\/revisions\/1091"}],"wp:attachment":[{"href":"https:\/\/www.gs-gruppe.com\/de\/wp-json\/wp\/v2\/media?parent=193"}],"wp:term":[{"taxonomy":"folder","embeddable":true,"href":"https:\/\/www.gs-gruppe.com\/de\/wp-json\/wp\/v2\/folder?post=193"}],"curies":[{"name":"wp","href":"https:\/\/api.w.org\/{rel}","templated":true}]}}