{"id":179,"date":"2026-01-18T15:03:41","date_gmt":"2026-01-18T14:03:41","guid":{"rendered":"https:\/\/gsgruppe.gs-mft.de\/?page_id=179"},"modified":"2026-02-01T20:41:12","modified_gmt":"2026-02-01T19:41:12","slug":"werkzeugbau","status":"publish","type":"page","link":"https:\/\/www.gs-gruppe.com\/de\/werkzeugbau\/","title":{"rendered":"Werkzeugbau"},"content":{"rendered":"\t\t<div data-elementor-type=\"wp-page\" data-elementor-id=\"179\" class=\"elementor elementor-179\" data-elementor-post-type=\"page\">\n\t\t\t\t<div class=\"elementor-element elementor-element-fdc33cf elementor-hidden-mobile e-flex e-con-boxed e-con e-parent\" data-id=\"fdc33cf\" data-element_type=\"container\" data-settings=\"{&quot;background_background&quot;:&quot;classic&quot;}\">\n\t\t\t\t\t<div class=\"e-con-inner\">\n\t\t<div class=\"elementor-element elementor-element-c420cc1 e-con-full e-flex e-con e-child\" data-id=\"c420cc1\" data-element_type=\"container\" data-settings=\"{&quot;background_background&quot;:&quot;classic&quot;}\">\n\t\t\t\t<div class=\"elementor-element elementor-element-fca1fb8 elementor-widget elementor-widget-image\" data-id=\"fca1fb8\" data-element_type=\"widget\" data-widget_type=\"image.default\">\n\t\t\t\t\t\t\t\t\t\t\t\t\t\t\t<img fetchpriority=\"high\" decoding=\"async\" width=\"637\" height=\"550\" src=\"https:\/\/www.gs-gruppe.com\/wp-content\/uploads\/2026\/01\/2601-img-blue-overlay.webp\" class=\"attachment-full size-full wp-image-283\" alt=\"GS Gruppe Blue Overlay\" srcset=\"https:\/\/www.gs-gruppe.com\/wp-content\/uploads\/2026\/01\/2601-img-blue-overlay.webp 637w, https:\/\/www.gs-gruppe.com\/wp-content\/uploads\/2026\/01\/2601-img-blue-overlay-300x259.webp 300w\" sizes=\"(max-width: 637px) 100vw, 637px\" \/>\t\t\t\t\t\t\t\t\t\t\t\t\t\t\t<\/div>\n\t\t\t\t<div class=\"elementor-element elementor-element-972a0b5 elementor-absolute elementor-widget__width-initial elementor-widget elementor-widget-text-editor\" data-id=\"972a0b5\" data-element_type=\"widget\" data-settings=\"{&quot;_position&quot;:&quot;absolute&quot;}\" data-widget_type=\"text-editor.default\">\n\t\t\t\t\t\t\t\t\t<h1 style=\"color: #ffffff;\">Werkzeugbau<\/h1>\nzur Reduzierung von Ressourceneinsatz\t\t\t\t\t\t\t\t<\/div>\n\t\t\t\t<\/div>\n\t\t\t\t\t<\/div>\n\t\t\t\t<\/div>\n\t\t<div class=\"elementor-element elementor-element-397f33b elementor-hidden-desktop elementor-hidden-laptop elementor-hidden-tablet e-flex e-con-boxed e-con e-parent\" data-id=\"397f33b\" data-element_type=\"container\" data-settings=\"{&quot;background_background&quot;:&quot;classic&quot;}\">\n\t\t\t\t\t<div class=\"e-con-inner\">\n\t\t<div class=\"elementor-element elementor-element-06e54e9 e-con-full e-flex e-con e-child\" data-id=\"06e54e9\" data-element_type=\"container\" data-settings=\"{&quot;background_background&quot;:&quot;classic&quot;}\">\n\t\t\t\t<div class=\"elementor-element elementor-element-396fe20 elementor-widget elementor-widget-image\" data-id=\"396fe20\" data-element_type=\"widget\" data-widget_type=\"image.default\">\n\t\t\t\t\t\t\t\t\t\t\t\t\t\t\t<img decoding=\"async\" width=\"936\" height=\"596\" src=\"https:\/\/www.gs-gruppe.com\/wp-content\/uploads\/2026\/01\/2601-img-blue-overlay-mbl.webp\" class=\"attachment-full size-full wp-image-354\" alt=\"GS Gruppe Blue Overlay Mobile\" srcset=\"https:\/\/www.gs-gruppe.com\/wp-content\/uploads\/2026\/01\/2601-img-blue-overlay-mbl.webp 936w, https:\/\/www.gs-gruppe.com\/wp-content\/uploads\/2026\/01\/2601-img-blue-overlay-mbl-300x191.webp 300w, https:\/\/www.gs-gruppe.com\/wp-content\/uploads\/2026\/01\/2601-img-blue-overlay-mbl-768x489.webp 768w\" sizes=\"(max-width: 936px) 100vw, 936px\" \/>\t\t\t\t\t\t\t\t\t\t\t\t\t\t\t<\/div>\n\t\t\t\t<div class=\"elementor-element elementor-element-2bd6be2 elementor-absolute elementor-widget-mobile__width-inherit elementor-widget elementor-widget-text-editor\" data-id=\"2bd6be2\" data-element_type=\"widget\" data-settings=\"{&quot;_position&quot;:&quot;absolute&quot;}\" data-widget_type=\"text-editor.default\">\n\t\t\t\t\t\t\t\t\t<h1 style=\"color: #ffffff; line-height: 2rem; font-size: 2rem; padding-bottom: 0; margin-bottom: 5px;\">Werkzeugbau<\/h1>\nzur Reduzierung von Ressourceneinsatz\t\t\t\t\t\t\t\t<\/div>\n\t\t\t\t<\/div>\n\t\t\t\t\t<\/div>\n\t\t\t\t<\/div>\n\t\t<div class=\"elementor-element elementor-element-fac2086 e-flex e-con-boxed e-con e-parent\" data-id=\"fac2086\" data-element_type=\"container\">\n\t\t\t\t\t<div class=\"e-con-inner\">\n\t\t\t\t<div class=\"elementor-element elementor-element-81cf193 elementor-widget elementor-widget-image\" data-id=\"81cf193\" data-element_type=\"widget\" data-widget_type=\"image.default\">\n\t\t\t\t\t\t\t\t\t\t\t\t\t\t\t<img decoding=\"async\" src=\"https:\/\/www.gs-gruppe.com\/wp-content\/uploads\/2026\/01\/gs-gruppe-logo-gs-dynamics-outline-50blue.svg\" class=\"attachment-full size-full wp-image-513\" alt=\"GS Gruppe |\u00a0GS Dynamics Logo\" \/>\t\t\t\t\t\t\t\t\t\t\t\t\t\t\t<\/div>\n\t\t\t\t\t<\/div>\n\t\t\t\t<\/div>\n\t\t<div class=\"elementor-element elementor-element-458484a e-flex e-con-boxed e-con e-parent\" data-id=\"458484a\" data-element_type=\"container\">\n\t\t\t\t\t<div class=\"e-con-inner\">\n\t\t<div class=\"elementor-element elementor-element-a0e3c99 e-con-full e-flex e-con e-child\" data-id=\"a0e3c99\" data-element_type=\"container\">\n\t\t\t\t<div class=\"elementor-element elementor-element-c721e06 elementor-widget elementor-widget-text-editor\" data-id=\"c721e06\" data-element_type=\"widget\" data-widget_type=\"text-editor.default\">\n\t\t\t\t\t\t\t\t\t<p>F\u00fcr eigene Anforderungen sowie f\u00fcr unsere Kunden entwickeln und fertigen wir seit vielen Jahren Werkzeuge und Vorrichtungen f\u00fcr unterschiedliche Fertigungsprozesse, darunter Montage, Schwei\u00dfen, Zerspanung, Biegen, Lackieren sowie Pr\u00fcf- und Kontrollaufgaben. Die Werkzeuge sind individuell auf den jeweiligen Prozess abgestimmt und tragen zur Optimierung von Abl\u00e4ufen sowie zur Reduzierung von Zeit- und Ressourceneinsatz bei.<\/p><p>Die Entwicklung erfolgt durch erfahrene Ingenieure mit langj\u00e4hriger Praxis. Dabei kommen etablierte Softwarel\u00f6sungen zum Einsatz. Moderne Spannkonzepte, darunter Nullpunkt-Spannsysteme und magnetische Spanntechnik, gew\u00e4hrleisten hohe Stabilit\u00e4t und Prozesssicherheit<\/p>\t\t\t\t\t\t\t\t<\/div>\n\t\t\t\t<\/div>\n\t\t<div class=\"elementor-element elementor-element-cf95760 e-con-full e-flex e-con e-child\" data-id=\"cf95760\" data-element_type=\"container\">\n\t\t\t\t<div class=\"elementor-element elementor-element-727342f elementor-widget elementor-widget-image\" data-id=\"727342f\" data-element_type=\"widget\" data-widget_type=\"image.default\">\n\t\t\t\t\t\t\t\t\t\t\t\t\t\t\t<img decoding=\"async\" width=\"490\" height=\"320\" src=\"https:\/\/www.gs-gruppe.com\/wp-content\/uploads\/2026\/01\/gs-gruppe-leistungen-werkzeugbau-1.webp\" class=\"attachment-full size-full wp-image-566\" alt=\"GS Gruppe - Werkzeugbau\" srcset=\"https:\/\/www.gs-gruppe.com\/wp-content\/uploads\/2026\/01\/gs-gruppe-leistungen-werkzeugbau-1.webp 490w, https:\/\/www.gs-gruppe.com\/wp-content\/uploads\/2026\/01\/gs-gruppe-leistungen-werkzeugbau-1-300x196.webp 300w\" sizes=\"(max-width: 490px) 100vw, 490px\" \/>\t\t\t\t\t\t\t\t\t\t\t\t\t\t\t<\/div>\n\t\t\t\t<\/div>\n\t\t\t\t\t<\/div>\n\t\t\t\t<\/div>\n\t\t<div class=\"elementor-element elementor-element-65f7af2 e-flex e-con-boxed e-con e-parent\" data-id=\"65f7af2\" data-element_type=\"container\">\n\t\t\t\t\t<div class=\"e-con-inner\">\n\t\t<div class=\"elementor-element elementor-element-4c68e74 e-con-full e-flex e-con e-child\" data-id=\"4c68e74\" data-element_type=\"container\">\n\t\t\t\t<div class=\"elementor-element elementor-element-73bcde5 elementor-widget elementor-widget-image\" data-id=\"73bcde5\" data-element_type=\"widget\" data-widget_type=\"image.default\">\n\t\t\t\t\t\t\t\t\t\t\t\t\t\t\t<img loading=\"lazy\" decoding=\"async\" width=\"490\" height=\"320\" src=\"https:\/\/www.gs-gruppe.com\/wp-content\/uploads\/2026\/01\/gs-gruppe-leistungen-werkzeugbau-2.webp\" class=\"attachment-full size-full wp-image-567\" alt=\"GS Gruppe - Werkzeugbau\" srcset=\"https:\/\/www.gs-gruppe.com\/wp-content\/uploads\/2026\/01\/gs-gruppe-leistungen-werkzeugbau-2.webp 490w, https:\/\/www.gs-gruppe.com\/wp-content\/uploads\/2026\/01\/gs-gruppe-leistungen-werkzeugbau-2-300x196.webp 300w\" sizes=\"(max-width: 490px) 100vw, 490px\" \/>\t\t\t\t\t\t\t\t\t\t\t\t\t\t\t<\/div>\n\t\t\t\t<\/div>\n\t\t\t\t\t<\/div>\n\t\t\t\t<\/div>\n\t\t\t\t<\/div>\n\t\t","protected":false},"excerpt":{"rendered":"<p>Werkzeugbau zur Reduzierung von Ressourceneinsatz Werkzeugbau zur Reduzierung von Ressourceneinsatz F\u00fcr eigene Anforderungen sowie f\u00fcr unsere Kunden entwickeln und fertigen wir seit vielen Jahren Werkzeuge und Vorrichtungen f\u00fcr unterschiedliche Fertigungsprozesse, darunter Montage, Schwei\u00dfen, Zerspanung, Biegen, Lackieren sowie Pr\u00fcf- und Kontrollaufgaben. Die Werkzeuge sind individuell auf den jeweiligen Prozess abgestimmt und tragen zur Optimierung von Abl\u00e4ufen [&hellip;]<\/p>\n","protected":false},"author":1,"featured_media":0,"parent":0,"menu_order":0,"comment_status":"closed","ping_status":"closed","template":"","meta":{"footnotes":""},"folder":[9],"class_list":["post-179","page","type-page","status-publish","hentry"],"_links":{"self":[{"href":"https:\/\/www.gs-gruppe.com\/de\/wp-json\/wp\/v2\/pages\/179","targetHints":{"allow":["GET"]}}],"collection":[{"href":"https:\/\/www.gs-gruppe.com\/de\/wp-json\/wp\/v2\/pages"}],"about":[{"href":"https:\/\/www.gs-gruppe.com\/de\/wp-json\/wp\/v2\/types\/page"}],"author":[{"embeddable":true,"href":"https:\/\/www.gs-gruppe.com\/de\/wp-json\/wp\/v2\/users\/1"}],"replies":[{"embeddable":true,"href":"https:\/\/www.gs-gruppe.com\/de\/wp-json\/wp\/v2\/comments?post=179"}],"version-history":[{"count":37,"href":"https:\/\/www.gs-gruppe.com\/de\/wp-json\/wp\/v2\/pages\/179\/revisions"}],"predecessor-version":[{"id":1017,"href":"https:\/\/www.gs-gruppe.com\/de\/wp-json\/wp\/v2\/pages\/179\/revisions\/1017"}],"wp:attachment":[{"href":"https:\/\/www.gs-gruppe.com\/de\/wp-json\/wp\/v2\/media?parent=179"}],"wp:term":[{"taxonomy":"folder","embeddable":true,"href":"https:\/\/www.gs-gruppe.com\/de\/wp-json\/wp\/v2\/folder?post=179"}],"curies":[{"name":"wp","href":"https:\/\/api.w.org\/{rel}","templated":true}]}}