{"id":172,"date":"2026-01-18T15:02:32","date_gmt":"2026-01-18T14:02:32","guid":{"rendered":"https:\/\/gsgruppe.gs-mft.de\/?page_id=172"},"modified":"2026-01-30T19:23:09","modified_gmt":"2026-01-30T18:23:09","slug":"schneiden","status":"publish","type":"page","link":"https:\/\/www.gs-gruppe.com\/de\/schneiden\/","title":{"rendered":"Schneiden"},"content":{"rendered":"\t\t<div data-elementor-type=\"wp-page\" data-elementor-id=\"172\" class=\"elementor elementor-172\" data-elementor-post-type=\"page\">\n\t\t\t\t<div class=\"elementor-element elementor-element-925329f elementor-hidden-mobile e-flex e-con-boxed e-con e-parent\" data-id=\"925329f\" data-element_type=\"container\" data-settings=\"{&quot;background_background&quot;:&quot;classic&quot;}\">\n\t\t\t\t\t<div class=\"e-con-inner\">\n\t\t<div class=\"elementor-element elementor-element-b180b45 e-con-full e-flex e-con e-child\" data-id=\"b180b45\" data-element_type=\"container\" data-settings=\"{&quot;background_background&quot;:&quot;classic&quot;}\">\n\t\t\t\t<div class=\"elementor-element elementor-element-f157b1a elementor-widget elementor-widget-image\" data-id=\"f157b1a\" data-element_type=\"widget\" data-widget_type=\"image.default\">\n\t\t\t\t\t\t\t\t\t\t\t\t\t\t\t<img fetchpriority=\"high\" decoding=\"async\" width=\"637\" height=\"550\" src=\"https:\/\/www.gs-gruppe.com\/wp-content\/uploads\/2026\/01\/2601-img-blue-overlay.webp\" class=\"attachment-full size-full wp-image-283\" alt=\"GS Gruppe Blue Overlay\" srcset=\"https:\/\/www.gs-gruppe.com\/wp-content\/uploads\/2026\/01\/2601-img-blue-overlay.webp 637w, https:\/\/www.gs-gruppe.com\/wp-content\/uploads\/2026\/01\/2601-img-blue-overlay-300x259.webp 300w\" sizes=\"(max-width: 637px) 100vw, 637px\" \/>\t\t\t\t\t\t\t\t\t\t\t\t\t\t\t<\/div>\n\t\t\t\t<div class=\"elementor-element elementor-element-0195fc8 elementor-absolute elementor-widget__width-initial elementor-widget elementor-widget-text-editor\" data-id=\"0195fc8\" data-element_type=\"widget\" data-settings=\"{&quot;_position&quot;:&quot;absolute&quot;}\" data-widget_type=\"text-editor.default\">\n\t\t\t\t\t\t\t\t\t<h1 style=\"color: #ffffff;\">Schneiden<\/h1>\nIndustrielle Schneidetechnik f\u00fcr h\u00f6chste Anspr\u00fcche\t\t\t\t\t\t\t\t<\/div>\n\t\t\t\t<\/div>\n\t\t\t\t\t<\/div>\n\t\t\t\t<\/div>\n\t\t<div class=\"elementor-element elementor-element-a022b72 elementor-hidden-desktop elementor-hidden-laptop elementor-hidden-tablet e-flex e-con-boxed e-con e-parent\" data-id=\"a022b72\" data-element_type=\"container\" data-settings=\"{&quot;background_background&quot;:&quot;classic&quot;}\">\n\t\t\t\t\t<div class=\"e-con-inner\">\n\t\t<div class=\"elementor-element elementor-element-1774ef0 e-con-full e-flex e-con e-child\" data-id=\"1774ef0\" data-element_type=\"container\" data-settings=\"{&quot;background_background&quot;:&quot;classic&quot;}\">\n\t\t\t\t<div class=\"elementor-element elementor-element-5fe7bdd elementor-widget elementor-widget-image\" data-id=\"5fe7bdd\" data-element_type=\"widget\" data-widget_type=\"image.default\">\n\t\t\t\t\t\t\t\t\t\t\t\t\t\t\t<img decoding=\"async\" width=\"936\" height=\"596\" src=\"https:\/\/www.gs-gruppe.com\/wp-content\/uploads\/2026\/01\/2601-img-blue-overlay-mbl.webp\" class=\"attachment-full size-full wp-image-354\" alt=\"GS Gruppe Blue Overlay Mobile\" srcset=\"https:\/\/www.gs-gruppe.com\/wp-content\/uploads\/2026\/01\/2601-img-blue-overlay-mbl.webp 936w, https:\/\/www.gs-gruppe.com\/wp-content\/uploads\/2026\/01\/2601-img-blue-overlay-mbl-300x191.webp 300w, https:\/\/www.gs-gruppe.com\/wp-content\/uploads\/2026\/01\/2601-img-blue-overlay-mbl-768x489.webp 768w\" sizes=\"(max-width: 936px) 100vw, 936px\" \/>\t\t\t\t\t\t\t\t\t\t\t\t\t\t\t<\/div>\n\t\t\t\t<div class=\"elementor-element elementor-element-075bf09 elementor-absolute elementor-widget-mobile__width-inherit elementor-widget elementor-widget-text-editor\" data-id=\"075bf09\" data-element_type=\"widget\" data-settings=\"{&quot;_position&quot;:&quot;absolute&quot;}\" data-widget_type=\"text-editor.default\">\n\t\t\t\t\t\t\t\t\t<h1 style=\"color: #ffffff; line-height: 2rem; font-size: 2rem; padding-bottom: 0; margin-bottom: 5px;\">Schneiden<\/h1>\nIndustrielle Schneidetechnik f\u00fcr h\u00f6chste Anspr\u00fcche\t\t\t\t\t\t\t\t<\/div>\n\t\t\t\t<\/div>\n\t\t\t\t\t<\/div>\n\t\t\t\t<\/div>\n\t\t<div class=\"elementor-element elementor-element-f5abf8e e-flex e-con-boxed e-con e-parent\" data-id=\"f5abf8e\" data-element_type=\"container\">\n\t\t\t\t\t<div class=\"e-con-inner\">\n\t\t<div class=\"elementor-element elementor-element-a1bcc77 e-con-full e-flex e-con e-child\" data-id=\"a1bcc77\" data-element_type=\"container\">\n\t\t\t\t<div class=\"elementor-element elementor-element-829dcfa elementor-widget elementor-widget-heading\" data-id=\"829dcfa\" data-element_type=\"widget\" data-widget_type=\"heading.default\">\n\t\t\t\t\t<h3 class=\"elementor-heading-title elementor-size-default\">Unsere Schneideverfahren<\/h3>\t\t\t\t<\/div>\n\t\t\t\t<div class=\"elementor-element elementor-element-d464a9e elementor-widget-divider--view-line elementor-widget elementor-widget-divider\" data-id=\"d464a9e\" data-element_type=\"widget\" data-widget_type=\"divider.default\">\n\t\t\t\t\t\t\t<div class=\"elementor-divider\">\n\t\t\t<span class=\"elementor-divider-separator\">\n\t\t\t\t\t\t<\/span>\n\t\t<\/div>\n\t\t\t\t\t\t<\/div>\n\t\t\t\t<div class=\"elementor-element elementor-element-4653302 elementor-widget elementor-widget-text-editor\" data-id=\"4653302\" data-element_type=\"widget\" data-widget_type=\"text-editor.default\">\n\t\t\t\t\t\t\t\t\t<p>Bei der GS Gruppe decken wir s\u00e4mtliche Anforderungen im Schneiden unterschiedlicher Stahlsorten und Materialst\u00e4rken ab. Zum Einsatz kommen Autogenschneiden (Sauerstoff) f\u00fcr Materialst\u00e4rken bis 300 mm, Plasmaschneiden bis 40 mm sowie Laserschneiden mit einer Leistung von 12 kW f\u00fcr Materialst\u00e4rken bis 30 mm.<\/p><p>Dabei bearbeiten wir Tafeln mit Abmessungen von bis zu 2,5 Metern Breite und 24 Metern L\u00e4nge. Die Kombination aus leistungsf\u00e4higen Schneidverfahren erm\u00f6glicht pr\u00e4zise und effiziente Zuschnitte f\u00fcr unterschiedlichste Anwendungen.<\/p>\t\t\t\t\t\t\t\t<\/div>\n\t\t\t\t<\/div>\n\t\t<div class=\"elementor-element elementor-element-95da4a0 e-con-full e-flex e-con e-child\" data-id=\"95da4a0\" data-element_type=\"container\">\n\t\t\t\t<div class=\"elementor-element elementor-element-8a5d4eb elementor-widget elementor-widget-image\" data-id=\"8a5d4eb\" data-element_type=\"widget\" data-widget_type=\"image.default\">\n\t\t\t\t\t\t\t\t\t\t\t\t\t\t\t<img decoding=\"async\" width=\"490\" height=\"320\" src=\"https:\/\/www.gs-gruppe.com\/wp-content\/uploads\/2026\/01\/2601-gs-gruppe-schneiden-img-1.webp\" class=\"attachment-full size-full wp-image-904\" alt=\"GS Gruppe - Leistungen - Schneiden\" srcset=\"https:\/\/www.gs-gruppe.com\/wp-content\/uploads\/2026\/01\/2601-gs-gruppe-schneiden-img-1.webp 490w, https:\/\/www.gs-gruppe.com\/wp-content\/uploads\/2026\/01\/2601-gs-gruppe-schneiden-img-1-300x196.webp 300w\" sizes=\"(max-width: 490px) 100vw, 490px\" \/>\t\t\t\t\t\t\t\t\t\t\t\t\t\t\t<\/div>\n\t\t\t\t<\/div>\n\t\t\t\t\t<\/div>\n\t\t\t\t<\/div>\n\t\t\t\t<\/div>\n\t\t","protected":false},"excerpt":{"rendered":"<p>Schneiden Industrielle Schneidetechnik f\u00fcr h\u00f6chste Anspr\u00fcche Schneiden Industrielle Schneidetechnik f\u00fcr h\u00f6chste Anspr\u00fcche Unsere Schneideverfahren Bei der GS Gruppe decken wir s\u00e4mtliche Anforderungen im Schneiden unterschiedlicher Stahlsorten und Materialst\u00e4rken ab. Zum Einsatz kommen Autogenschneiden (Sauerstoff) f\u00fcr Materialst\u00e4rken bis 300 mm, Plasmaschneiden bis 40 mm sowie Laserschneiden mit einer Leistung von 12 kW f\u00fcr Materialst\u00e4rken bis 30 [&hellip;]<\/p>\n","protected":false},"author":1,"featured_media":0,"parent":0,"menu_order":0,"comment_status":"closed","ping_status":"closed","template":"","meta":{"footnotes":""},"folder":[9],"class_list":["post-172","page","type-page","status-publish","hentry"],"_links":{"self":[{"href":"https:\/\/www.gs-gruppe.com\/de\/wp-json\/wp\/v2\/pages\/172","targetHints":{"allow":["GET"]}}],"collection":[{"href":"https:\/\/www.gs-gruppe.com\/de\/wp-json\/wp\/v2\/pages"}],"about":[{"href":"https:\/\/www.gs-gruppe.com\/de\/wp-json\/wp\/v2\/types\/page"}],"author":[{"embeddable":true,"href":"https:\/\/www.gs-gruppe.com\/de\/wp-json\/wp\/v2\/users\/1"}],"replies":[{"embeddable":true,"href":"https:\/\/www.gs-gruppe.com\/de\/wp-json\/wp\/v2\/comments?post=172"}],"version-history":[{"count":22,"href":"https:\/\/www.gs-gruppe.com\/de\/wp-json\/wp\/v2\/pages\/172\/revisions"}],"predecessor-version":[{"id":907,"href":"https:\/\/www.gs-gruppe.com\/de\/wp-json\/wp\/v2\/pages\/172\/revisions\/907"}],"wp:attachment":[{"href":"https:\/\/www.gs-gruppe.com\/de\/wp-json\/wp\/v2\/media?parent=172"}],"wp:term":[{"taxonomy":"folder","embeddable":true,"href":"https:\/\/www.gs-gruppe.com\/de\/wp-json\/wp\/v2\/folder?post=172"}],"curies":[{"name":"wp","href":"https:\/\/api.w.org\/{rel}","templated":true}]}}