{"id":1331,"date":"2026-01-16T21:48:47","date_gmt":"2026-01-16T20:48:47","guid":{"rendered":"https:\/\/www.gs-gruppe.com\/zastita-podataka\/"},"modified":"2026-03-02T20:13:42","modified_gmt":"2026-03-02T19:13:42","slug":"zastita-podataka","status":"publish","type":"page","link":"https:\/\/www.gs-gruppe.com\/bs\/zastita-podataka\/","title":{"rendered":"Za\u0161tita podataka"},"content":{"rendered":"\t\t<div data-elementor-type=\"wp-page\" data-elementor-id=\"1331\" class=\"elementor elementor-1331 elementor-3\" data-elementor-post-type=\"page\">\n\t\t\t\t<div class=\"elementor-element elementor-element-b3d9004 e-flex e-con-boxed e-con e-parent\" data-id=\"b3d9004\" data-element_type=\"container\">\n\t\t\t\t\t<div class=\"e-con-inner\">\n\t\t\t\t<div class=\"elementor-element elementor-element-0720b03 elementor-widget elementor-widget-heading\" data-id=\"0720b03\" data-element_type=\"widget\" data-widget_type=\"heading.default\">\n\t\t\t\t\t<h1 class=\"elementor-heading-title elementor-size-default\">Izjava o privatnosti<\/h1>\t\t\t\t<\/div>\n\t\t\t\t<div class=\"elementor-element elementor-element-1a4cc23 elementor-widget-divider--view-line elementor-widget elementor-widget-divider\" data-id=\"1a4cc23\" data-element_type=\"widget\" data-widget_type=\"divider.default\">\n\t\t\t\t\t\t\t<div class=\"elementor-divider\">\n\t\t\t<span class=\"elementor-divider-separator\">\n\t\t\t\t\t\t<\/span>\n\t\t<\/div>\n\t\t\t\t\t\t<\/div>\n\t\t\t\t<div class=\"elementor-element elementor-element-e6ac8a8 elementor-widget elementor-widget-text-editor\" data-id=\"e6ac8a8\" data-element_type=\"widget\" data-widget_type=\"text-editor.default\">\n\t\t\t\t\t\t\t\t\t<p>Posebno pazimo na za\u0161titu Va\u0161ih podataka i o\u010duvanje Va\u0161e privatnosti. U nastavku Vas stoga informi\u0161emo o prikupljanju i kori\u0161tenju li\u010dnih podataka prilikom kori\u0161tenja na\u0161e web stranice. <\/p><p><strong>Anonimno prikupljanje podataka<\/strong><br>Mo\u017eete posjetiti na\u0161e web stranice bez davanja bilo kakvih li\u010dnih podataka. U tom kontekstu ne pohranjujemo nikakve li\u010dne podatke. Kako bismo pobolj\u0161ali na\u0161u ponudu, analiziramo samo statisti\u010dke podatke koji ne omogu\u0107avaju bilo kakvo povezivanje s va\u0161om osobom.  <\/p><p><strong>Prikupljanje i obrada prilikom kori\u0161tenja kontakt forme<\/strong><br>Prilikom kori\u0161tenja kontakt forme prikupljamo li\u010dne podatke (pojedina\u010dne podatke o li\u010dnim ili stvarnim okolnostima odre\u0111ene ili odrediv\u0435 fizi\u010dke osobe) samo u onoj mjeri u kojoj ste ih stavili na raspolaganje. Va\u0161u e-mail adresu koristimo samo za obradu va\u0161eg upita. Va\u0161i podaci se potom bri\u0161u, osim ako niste dali saglasnost za dalju obradu i kori\u0161tenje.  <\/p><p><strong>Proslje\u0111ivanje li\u010dnih podataka<\/strong><br>Va\u0161i podaci se ne\u0107e proslje\u0111ivati tre\u0107im stranama bez va\u0161e izri\u010dite saglasnosti.<\/p><p><strong>Kola\u010di\u0107i<\/strong><br>Na\u0161e internetske stranice koriste takozvane kola\u010di\u0107e na vi\u0161e mjesta. Kola\u010di\u0107i su male tekstualne datoteke koje se pohranjuju na va\u0161em ra\u010dunaru i koje va\u0161 pretra\u017eiva\u010d \u010duva. Oni slu\u017ee tome da na\u0161a ponuda bude korisni\u010dki prihvatljivija, efikasnija i sigurnija. Osim toga, kola\u010di\u0107i omogu\u0107avaju na\u0161im sistemima da prepoznaju va\u0161 pretra\u017eiva\u010d i ponude vam usluge. Kola\u010di\u0107i ne sadr\u017ee li\u010dne podatke.    <\/p><p>Kori\u0161tenje Google Analyticsa<br>Ova web stranica koristi Google Analytics, web uslugu za analizu koju pru\u017ea. Google Analytics koristi tzv. \u201ekola\u010di\u0107e\u201c, tekstualne datoteke koje se pohranjuju na va\u0161em ra\u010dunaru i omogu\u0107avaju analizu va\u0161e upotrebe web stranice. Informacije koje kola\u010di\u0107 generira o va\u0161em kori\u0161tenju ove web stranice obi\u010dno se prenose na Googleov server u SAD-u i tamo pohranjuju. U slu\u010daju da je na ovoj web stranici aktivirana IP anonimizacija, va\u0161a IP adresa \u0107e biti prethodno skra\u0107ena od strane Googlea unutar dr\u017eava \u010dlanica Evropske unije ili drugih zemalja potpisnica Sporazuma o Evropskom ekonomskom prostoru. Samo u izuzetnim slu\u010dajevima puna IP adresa \u0107e biti prenesena na Googleov server u SAD-u i tamo skra\u0107ena. U ime operatera ove web stranice, Google \u0107e koristiti ove informacije kako bi procijenio va\u0161u upotrebu web stranice, sastavio izvje\u0161taje o aktivnostima na web stranici i pru\u017eio druge usluge povezane s kori\u0161tenjem web stranice i interneta prema operateru web stranice. IP adresa koja se prenosi putem va\u0161eg preglednika u okviru Google Analyticsa ne\u0107e se spajati s drugim podacima Googlea. Mo\u017eete sprije\u010diti pohranu kola\u010di\u0107a odgovaraju\u0107im pode\u0161avanjem va\u0161eg preglednika; me\u0111utim, napominjemo da u tom slu\u010daju mo\u017eda ne\u0107ete mo\u0107i koristiti sve funkcije ove web stranice u punom obimu. Tako\u0111er mo\u017eete sprije\u010diti prikupljanje podataka generiranih kola\u010di\u0107em i povezanih s va\u0161om upotrebom web stranice (uklju\u010duju\u0107i va\u0161u IP adresu) od strane Googlea, kao i obradu ovih podataka od strane Googlea, preuzimanjem i instaliranjem dodatka za preglednik dostupan na sljede\u0107em linku .[https:\/\/tools .google.com=&#8221;&#8221;]         <\/p><p><strong>Informacije, ispravka, blokiranje i brisanje podataka<\/strong><br>Imate pravo u svakom trenutku na besplatne informacije o va\u0161im pohranjenim podacima, kao i pravo na ispravku, brisanje ili blokiranje. Kontaktirajte nas na va\u0161 zahtjev. Kontakt podatke mo\u017eete prona\u0107i u na\u0161em <a href=\"https:\/\/www.gs-gruppe.com\/de\/impressum\/\">impresumu<\/a>.  <\/p>\t\t\t\t\t\t\t\t<\/div>\n\t\t\t\t\t<\/div>\n\t\t\t\t<\/div>\n\t\t\t\t<\/div>\n\t\t","protected":false},"excerpt":{"rendered":"<p>Izjava o privatnosti Posebno pazimo na za\u0161titu Va\u0161ih podataka i o\u010duvanje Va\u0161e privatnosti. U nastavku Vas stoga informi\u0161emo o prikupljanju i kori\u0161tenju li\u010dnih podataka prilikom kori\u0161tenja na\u0161e web stranice. Anonimno prikupljanje podatakaMo\u017eete posjetiti na\u0161e web stranice bez davanja bilo kakvih li\u010dnih podataka. U tom kontekstu ne pohranjujemo nikakve li\u010dne podatke. Kako bismo pobolj\u0161ali na\u0161u ponudu, [&hellip;]<\/p>\n","protected":false},"author":1,"featured_media":0,"parent":0,"menu_order":0,"comment_status":"closed","ping_status":"open","template":"","meta":{"footnotes":""},"folder":[16],"class_list":["post-1331","page","type-page","status-publish","hentry"],"_links":{"self":[{"href":"https:\/\/www.gs-gruppe.com\/bs\/wp-json\/wp\/v2\/pages\/1331","targetHints":{"allow":["GET"]}}],"collection":[{"href":"https:\/\/www.gs-gruppe.com\/bs\/wp-json\/wp\/v2\/pages"}],"about":[{"href":"https:\/\/www.gs-gruppe.com\/bs\/wp-json\/wp\/v2\/types\/page"}],"author":[{"embeddable":true,"href":"https:\/\/www.gs-gruppe.com\/bs\/wp-json\/wp\/v2\/users\/1"}],"replies":[{"embeddable":true,"href":"https:\/\/www.gs-gruppe.com\/bs\/wp-json\/wp\/v2\/comments?post=1331"}],"version-history":[{"count":1,"href":"https:\/\/www.gs-gruppe.com\/bs\/wp-json\/wp\/v2\/pages\/1331\/revisions"}],"predecessor-version":[{"id":1332,"href":"https:\/\/www.gs-gruppe.com\/bs\/wp-json\/wp\/v2\/pages\/1331\/revisions\/1332"}],"wp:attachment":[{"href":"https:\/\/www.gs-gruppe.com\/bs\/wp-json\/wp\/v2\/media?parent=1331"}],"wp:term":[{"taxonomy":"folder","embeddable":true,"href":"https:\/\/www.gs-gruppe.com\/bs\/wp-json\/wp\/v2\/folder?post=1331"}],"curies":[{"name":"wp","href":"https:\/\/api.w.org\/{rel}","templated":true}]}}