{"id":1209,"date":"2026-01-18T15:03:07","date_gmt":"2026-01-18T14:03:07","guid":{"rendered":"https:\/\/www.gs-gruppe.com\/obrada-cijevi\/"},"modified":"2026-02-25T21:01:50","modified_gmt":"2026-02-25T20:01:50","slug":"obrada-cijevi","status":"publish","type":"page","link":"https:\/\/www.gs-gruppe.com\/bs\/obrada-cijevi\/","title":{"rendered":"Obrada cijevi"},"content":{"rendered":"\t\t<div data-elementor-type=\"wp-page\" data-elementor-id=\"1209\" class=\"elementor elementor-1209 elementor-174\" data-elementor-post-type=\"page\">\n\t\t\t\t<div class=\"elementor-element elementor-element-0dce035 elementor-hidden-mobile e-flex e-con-boxed e-con e-parent\" data-id=\"0dce035\" data-element_type=\"container\" data-settings=\"{&quot;background_background&quot;:&quot;classic&quot;}\">\n\t\t\t\t\t<div class=\"e-con-inner\">\n\t\t<div class=\"elementor-element elementor-element-1d5930d e-con-full e-flex e-con e-child\" data-id=\"1d5930d\" data-element_type=\"container\" data-settings=\"{&quot;background_background&quot;:&quot;classic&quot;}\">\n\t\t\t\t<div class=\"elementor-element elementor-element-bcac395 elementor-widget elementor-widget-image\" data-id=\"bcac395\" data-element_type=\"widget\" data-widget_type=\"image.default\">\n\t\t\t\t\t\t\t\t\t\t\t\t\t\t\t<img fetchpriority=\"high\" decoding=\"async\" width=\"637\" height=\"550\" src=\"https:\/\/www.gs-gruppe.com\/wp-content\/uploads\/2026\/01\/2601-img-blue-overlay.webp\" class=\"attachment-full size-full wp-image-1130\" alt=\"GS Gruppe Plavi prekriva\u010d\" srcset=\"https:\/\/www.gs-gruppe.com\/wp-content\/uploads\/2026\/01\/2601-img-blue-overlay.webp 637w, https:\/\/www.gs-gruppe.com\/wp-content\/uploads\/2026\/01\/2601-img-blue-overlay-300x259.webp 300w\" sizes=\"(max-width: 637px) 100vw, 637px\" \/>\t\t\t\t\t\t\t\t\t\t\t\t\t\t\t<\/div>\n\t\t\t\t<div class=\"elementor-element elementor-element-25eb490 elementor-absolute elementor-widget__width-initial elementor-widget elementor-widget-text-editor\" data-id=\"25eb490\" data-element_type=\"widget\" data-settings=\"{&quot;_position&quot;:&quot;absolute&quot;}\" data-widget_type=\"text-editor.default\">\n\t\t\t\t\t\t\t\t\t<h1 style=\"color: #ffffff;\">Precizna obrada cijevi<\/h1>\nSavijanje, rezanje, oblikovanje\t\t\t\t\t\t\t\t<\/div>\n\t\t\t\t<\/div>\n\t\t\t\t\t<\/div>\n\t\t\t\t<\/div>\n\t\t<div class=\"elementor-element elementor-element-af9f819 elementor-hidden-desktop elementor-hidden-laptop elementor-hidden-tablet e-flex e-con-boxed e-con e-parent\" data-id=\"af9f819\" data-element_type=\"container\" data-settings=\"{&quot;background_background&quot;:&quot;classic&quot;}\">\n\t\t\t\t\t<div class=\"e-con-inner\">\n\t\t<div class=\"elementor-element elementor-element-26d1379 e-con-full e-flex e-con e-child\" data-id=\"26d1379\" data-element_type=\"container\" data-settings=\"{&quot;background_background&quot;:&quot;classic&quot;}\">\n\t\t\t\t<div class=\"elementor-element elementor-element-7b65c5e elementor-widget elementor-widget-image\" data-id=\"7b65c5e\" data-element_type=\"widget\" data-widget_type=\"image.default\">\n\t\t\t\t\t\t\t\t\t\t\t\t\t\t\t<img decoding=\"async\" width=\"936\" height=\"596\" src=\"https:\/\/www.gs-gruppe.com\/wp-content\/uploads\/2026\/01\/2601-img-blue-overlay-mbl.webp\" class=\"attachment-full size-full wp-image-1132\" alt=\"GS Gruppe Plavi prekriva\u010d za mobilne ure\u0111aje\" srcset=\"https:\/\/www.gs-gruppe.com\/wp-content\/uploads\/2026\/01\/2601-img-blue-overlay-mbl.webp 936w, https:\/\/www.gs-gruppe.com\/wp-content\/uploads\/2026\/01\/2601-img-blue-overlay-mbl-300x191.webp 300w, https:\/\/www.gs-gruppe.com\/wp-content\/uploads\/2026\/01\/2601-img-blue-overlay-mbl-768x489.webp 768w\" sizes=\"(max-width: 936px) 100vw, 936px\" \/>\t\t\t\t\t\t\t\t\t\t\t\t\t\t\t<\/div>\n\t\t\t\t<div class=\"elementor-element elementor-element-9b53078 elementor-absolute elementor-widget-mobile__width-inherit elementor-widget elementor-widget-text-editor\" data-id=\"9b53078\" data-element_type=\"widget\" data-settings=\"{&quot;_position&quot;:&quot;absolute&quot;}\" data-widget_type=\"text-editor.default\">\n\t\t\t\t\t\t\t\t\t<h1 style=\"color: #ffffff; line-height: 2rem; font-size: 1.7rem; padding-bottom: 0; margin-bottom: 5px;\">Precizna obrada cijevi<\/h1>\nSavijanje, rezanje, oblikovanje\t\t\t\t\t\t\t\t<\/div>\n\t\t\t\t<\/div>\n\t\t\t\t\t<\/div>\n\t\t\t\t<\/div>\n\t\t<div class=\"elementor-element elementor-element-d681e08 e-flex e-con-boxed e-con e-parent\" data-id=\"d681e08\" data-element_type=\"container\">\n\t\t\t\t\t<div class=\"e-con-inner\">\n\t\t\t\t<div class=\"elementor-element elementor-element-7e3b992 elementor-widget elementor-widget-image\" data-id=\"7e3b992\" data-element_type=\"widget\" data-widget_type=\"image.default\">\n\t\t\t\t\t\t\t\t\t\t\t\t\t\t\t<img decoding=\"async\" src=\"https:\/\/www.gs-gruppe.com\/wp-content\/uploads\/2026\/01\/gs-gruppe-logo-gs-dynamics-outline-50blue.svg\" class=\"attachment-full size-full wp-image-1133\" alt=\"GS Gruppe | Logo GS Dynamics\" \/>\t\t\t\t\t\t\t\t\t\t\t\t\t\t\t<\/div>\n\t\t\t\t\t<\/div>\n\t\t\t\t<\/div>\n\t\t<div class=\"elementor-element elementor-element-5469334 e-flex e-con-boxed e-con e-parent\" data-id=\"5469334\" data-element_type=\"container\">\n\t\t\t\t\t<div class=\"e-con-inner\">\n\t\t<div class=\"elementor-element elementor-element-764c520 e-con-full e-flex e-con e-child\" data-id=\"764c520\" data-element_type=\"container\">\n\t\t\t\t<div class=\"elementor-element elementor-element-5ffcaaf elementor-widget elementor-widget-heading\" data-id=\"5ffcaaf\" data-element_type=\"widget\" data-widget_type=\"heading.default\">\n\t\t\t\t\t<h3 class=\"elementor-heading-title elementor-size-default\">Mogu\u0107nosti obrade<\/h3>\t\t\t\t<\/div>\n\t\t\t\t<div class=\"elementor-element elementor-element-97a6577 elementor-widget-divider--view-line elementor-widget elementor-widget-divider\" data-id=\"97a6577\" data-element_type=\"widget\" data-widget_type=\"divider.default\">\n\t\t\t\t\t\t\t<div class=\"elementor-divider\">\n\t\t\t<span class=\"elementor-divider-separator\">\n\t\t\t\t\t\t<\/span>\n\t\t<\/div>\n\t\t\t\t\t\t<\/div>\n\t\t\t\t<div class=\"elementor-element elementor-element-6270115 elementor-widget elementor-widget-text-editor\" data-id=\"6270115\" data-element_type=\"widget\" data-widget_type=\"text-editor.default\">\n\t\t\t\t\t\t\t\t\t<p>Lokacija GS Dynamics doo specijalizirana je za obradu cijevi, a 2025. godine pustila je u rad novi, najsavremeniji pogon s automatiziranim proizvodnim pogonima. CNC ma\u0161ina za savijanje Akyapak ABM 50 omogu\u0107ava precizno savijanje cijevi do pre\u010dnika 50 mm i debljine stijenke do 3 mm. Automatsko dovo\u0111enje materijala osigurava efikasan i kontinuiran proces proizvodnje.<\/p><p>Opremu dopunjuje CNC reza\u010d cijevi Bodor T 230, koji omogu\u0107ava precizno rezanje cijevi do dimenzija 230 \u00d7 230 mm. Moderna tehnologija postrojenja \u010dini osnovu za efikasnu i ponovljivu obradu cijevi.<\/p>\t\t\t\t\t\t\t\t<\/div>\n\t\t\t\t<\/div>\n\t\t<div class=\"elementor-element elementor-element-39383b9 e-con-full e-flex e-con e-child\" data-id=\"39383b9\" data-element_type=\"container\">\n\t\t\t\t<div class=\"elementor-element elementor-element-6507967 elementor-widget elementor-widget-image\" data-id=\"6507967\" data-element_type=\"widget\" data-widget_type=\"image.default\">\n\t\t\t\t\t\t\t\t\t\t\t\t\t\t\t<img decoding=\"async\" width=\"490\" height=\"320\" src=\"https:\/\/www.gs-gruppe.com\/wp-content\/uploads\/2026\/01\/2601-gs-gruppe-unternehmen-leistungen-biegen-img-1.webp\" class=\"attachment-full size-full wp-image-1208\" alt=\"GS Gruppe - Obrada cijevi \/ Savijanje\" srcset=\"https:\/\/www.gs-gruppe.com\/wp-content\/uploads\/2026\/01\/2601-gs-gruppe-unternehmen-leistungen-biegen-img-1.webp 490w, https:\/\/www.gs-gruppe.com\/wp-content\/uploads\/2026\/01\/2601-gs-gruppe-unternehmen-leistungen-biegen-img-1-300x196.webp 300w\" sizes=\"(max-width: 490px) 100vw, 490px\" \/>\t\t\t\t\t\t\t\t\t\t\t\t\t\t\t<\/div>\n\t\t\t\t<\/div>\n\t\t\t\t\t<\/div>\n\t\t\t\t<\/div>\n\t\t<div class=\"elementor-element elementor-element-e680f43 e-flex e-con-boxed e-con e-parent\" data-id=\"e680f43\" data-element_type=\"container\">\n\t\t\t\t\t<div class=\"e-con-inner\">\n\t\t\t\t<div class=\"elementor-element elementor-element-ef23fd2 elementor-widget__width-inherit elementor-widget elementor-widget-text-editor\" data-id=\"ef23fd2\" data-element_type=\"widget\" data-widget_type=\"text-editor.default\">\n\t\t\t\t\t\t\t\t\t<p>Tehni\u010dka specifikacija<\/p>\t\t\t\t\t\t\t\t<\/div>\n\t\t\t\t<div class=\"elementor-element elementor-element-a364a75 elementor-widget-divider--view-line elementor-widget elementor-widget-divider\" data-id=\"a364a75\" data-element_type=\"widget\" data-widget_type=\"divider.default\">\n\t\t\t\t\t\t\t<div class=\"elementor-divider\">\n\t\t\t<span class=\"elementor-divider-separator\">\n\t\t\t\t\t\t<\/span>\n\t\t<\/div>\n\t\t\t\t\t\t<\/div>\n\t\t\t\t<div class=\"elementor-element elementor-element-6cd32fa elementor-widget__width-initial elementor-widget-mobile__width-inherit elementor-widget elementor-widget-text-editor\" data-id=\"6cd32fa\" data-element_type=\"widget\" data-widget_type=\"text-editor.default\">\n\t\t\t\t\t\t\t\t\t<p>CNC savijanje<\/p>\t\t\t\t\t\t\t\t<\/div>\n\t\t\t\t<div class=\"elementor-element elementor-element-c34d922 elementor-widget__width-initial elementor-widget-mobile__width-inherit elementor-widget elementor-widget-text-editor\" data-id=\"c34d922\" data-element_type=\"widget\" data-widget_type=\"text-editor.default\">\n\t\t\t\t\t\t\t\t\t<p>maks. Pre\u010dnik cijevi 50 mm, maks. Debljina zida 3 mm<\/p>\t\t\t\t\t\t\t\t<\/div>\n\t\t\t\t<div class=\"elementor-element elementor-element-01dab15 elementor-widget-divider--view-line elementor-widget elementor-widget-divider\" data-id=\"01dab15\" data-element_type=\"widget\" data-widget_type=\"divider.default\">\n\t\t\t\t\t\t\t<div class=\"elementor-divider\">\n\t\t\t<span class=\"elementor-divider-separator\">\n\t\t\t\t\t\t<\/span>\n\t\t<\/div>\n\t\t\t\t\t\t<\/div>\n\t\t\t\t<div class=\"elementor-element elementor-element-239441c elementor-widget__width-initial elementor-widget-mobile__width-inherit elementor-widget elementor-widget-text-editor\" data-id=\"239441c\" data-element_type=\"widget\" data-widget_type=\"text-editor.default\">\n\t\t\t\t\t\t\t\t\t<p>CNC rezanje<\/p>\t\t\t\t\t\t\t\t<\/div>\n\t\t\t\t<div class=\"elementor-element elementor-element-abaedd1 elementor-widget__width-initial elementor-widget-mobile__width-inherit elementor-widget elementor-widget-text-editor\" data-id=\"abaedd1\" data-element_type=\"widget\" data-widget_type=\"text-editor.default\">\n\t\t\t\t\t\t\t\t\t<p>maks. Pre\u010dnik cijevi 230 mm, maks. Debljina zida 25 mm (*zavisi od materijala)<\/p>\t\t\t\t\t\t\t\t<\/div>\n\t\t\t\t<div class=\"elementor-element elementor-element-4bf0458 elementor-widget-divider--view-line elementor-widget elementor-widget-divider\" data-id=\"4bf0458\" data-element_type=\"widget\" data-widget_type=\"divider.default\">\n\t\t\t\t\t\t\t<div class=\"elementor-divider\">\n\t\t\t<span class=\"elementor-divider-separator\">\n\t\t\t\t\t\t<\/span>\n\t\t<\/div>\n\t\t\t\t\t\t<\/div>\n\t\t\t\t\t<\/div>\n\t\t\t\t<\/div>\n\t\t\t\t<\/div>\n\t\t","protected":false},"excerpt":{"rendered":"<p>Precizna obrada cijevi Savijanje, rezanje, oblikovanje Precizna obrada cijevi Savijanje, rezanje, oblikovanje Mogu\u0107nosti obrade Lokacija GS Dynamics doo specijalizirana je za obradu cijevi, a 2025. godine pustila je u rad novi, najsavremeniji pogon s automatiziranim proizvodnim pogonima. CNC ma\u0161ina za savijanje Akyapak ABM 50 omogu\u0107ava precizno savijanje cijevi do pre\u010dnika 50 mm i debljine stijenke [&hellip;]<\/p>\n","protected":false},"author":1,"featured_media":0,"parent":0,"menu_order":0,"comment_status":"closed","ping_status":"closed","template":"","meta":{"footnotes":""},"folder":[9],"class_list":["post-1209","page","type-page","status-publish","hentry"],"_links":{"self":[{"href":"https:\/\/www.gs-gruppe.com\/bs\/wp-json\/wp\/v2\/pages\/1209","targetHints":{"allow":["GET"]}}],"collection":[{"href":"https:\/\/www.gs-gruppe.com\/bs\/wp-json\/wp\/v2\/pages"}],"about":[{"href":"https:\/\/www.gs-gruppe.com\/bs\/wp-json\/wp\/v2\/types\/page"}],"author":[{"embeddable":true,"href":"https:\/\/www.gs-gruppe.com\/bs\/wp-json\/wp\/v2\/users\/1"}],"replies":[{"embeddable":true,"href":"https:\/\/www.gs-gruppe.com\/bs\/wp-json\/wp\/v2\/comments?post=1209"}],"version-history":[{"count":1,"href":"https:\/\/www.gs-gruppe.com\/bs\/wp-json\/wp\/v2\/pages\/1209\/revisions"}],"predecessor-version":[{"id":1213,"href":"https:\/\/www.gs-gruppe.com\/bs\/wp-json\/wp\/v2\/pages\/1209\/revisions\/1213"}],"wp:attachment":[{"href":"https:\/\/www.gs-gruppe.com\/bs\/wp-json\/wp\/v2\/media?parent=1209"}],"wp:term":[{"taxonomy":"folder","embeddable":true,"href":"https:\/\/www.gs-gruppe.com\/bs\/wp-json\/wp\/v2\/folder?post=1209"}],"curies":[{"name":"wp","href":"https:\/\/api.w.org\/{rel}","templated":true}]}}