{"id":1197,"date":"2026-01-18T15:01:34","date_gmt":"2026-01-18T14:01:34","guid":{"rendered":"https:\/\/www.gs-gruppe.com\/zavarivanje\/"},"modified":"2026-02-25T20:58:26","modified_gmt":"2026-02-25T19:58:26","slug":"zavarivanje","status":"publish","type":"page","link":"https:\/\/www.gs-gruppe.com\/bs\/zavarivanje\/","title":{"rendered":"Zavarivanje"},"content":{"rendered":"\t\t<div data-elementor-type=\"wp-page\" data-elementor-id=\"1197\" class=\"elementor elementor-1197 elementor-167\" data-elementor-post-type=\"page\">\n\t\t\t\t<div class=\"elementor-element elementor-element-7ea88f3 elementor-hidden-mobile e-flex e-con-boxed e-con e-parent\" data-id=\"7ea88f3\" data-element_type=\"container\" data-settings=\"{&quot;background_background&quot;:&quot;classic&quot;}\">\n\t\t\t\t\t<div class=\"e-con-inner\">\n\t\t<div class=\"elementor-element elementor-element-e423dfe e-con-full e-flex e-con e-child\" data-id=\"e423dfe\" data-element_type=\"container\" data-settings=\"{&quot;background_background&quot;:&quot;classic&quot;}\">\n\t\t\t\t<div class=\"elementor-element elementor-element-97049c1 elementor-widget elementor-widget-image\" data-id=\"97049c1\" data-element_type=\"widget\" data-widget_type=\"image.default\">\n\t\t\t\t\t\t\t\t\t\t\t\t\t\t\t<img fetchpriority=\"high\" decoding=\"async\" width=\"637\" height=\"550\" src=\"https:\/\/www.gs-gruppe.com\/wp-content\/uploads\/2026\/01\/2601-img-blue-overlay.webp\" class=\"attachment-full size-full wp-image-1130\" alt=\"GS Gruppe Plavi prekriva\u010d\" srcset=\"https:\/\/www.gs-gruppe.com\/wp-content\/uploads\/2026\/01\/2601-img-blue-overlay.webp 637w, https:\/\/www.gs-gruppe.com\/wp-content\/uploads\/2026\/01\/2601-img-blue-overlay-300x259.webp 300w\" sizes=\"(max-width: 637px) 100vw, 637px\" \/>\t\t\t\t\t\t\t\t\t\t\t\t\t\t\t<\/div>\n\t\t\t\t<div class=\"elementor-element elementor-element-252fb2a elementor-absolute elementor-widget elementor-widget-text-editor\" data-id=\"252fb2a\" data-element_type=\"widget\" data-settings=\"{&quot;_position&quot;:&quot;absolute&quot;}\" data-widget_type=\"text-editor.default\">\n\t\t\t\t\t\t\t\t\t<h1 style=\"color: #ffffff; line-height: 3rem;\">Precizno<br>zavarivanje<\/h1><p>Svi industrijski postupci zavarivanja za <br>optimalnu implementaciju projekta<\/p>\t\t\t\t\t\t\t\t<\/div>\n\t\t\t\t<\/div>\n\t\t\t\t\t<\/div>\n\t\t\t\t<\/div>\n\t\t<div class=\"elementor-element elementor-element-77467cc elementor-hidden-desktop elementor-hidden-laptop elementor-hidden-tablet e-flex e-con-boxed e-con e-parent\" data-id=\"77467cc\" data-element_type=\"container\" data-settings=\"{&quot;background_background&quot;:&quot;classic&quot;}\">\n\t\t\t\t\t<div class=\"e-con-inner\">\n\t\t<div class=\"elementor-element elementor-element-72933cc e-con-full e-flex e-con e-child\" data-id=\"72933cc\" data-element_type=\"container\" data-settings=\"{&quot;background_background&quot;:&quot;classic&quot;}\">\n\t\t\t\t<div class=\"elementor-element elementor-element-ce433d9 elementor-widget elementor-widget-image\" data-id=\"ce433d9\" data-element_type=\"widget\" data-widget_type=\"image.default\">\n\t\t\t\t\t\t\t\t\t\t\t\t\t\t\t<img decoding=\"async\" width=\"936\" height=\"596\" src=\"https:\/\/www.gs-gruppe.com\/wp-content\/uploads\/2026\/01\/2601-img-blue-overlay-mbl.webp\" class=\"attachment-full size-full wp-image-1132\" alt=\"GS Gruppe Plavi prekriva\u010d za mobilne ure\u0111aje\" srcset=\"https:\/\/www.gs-gruppe.com\/wp-content\/uploads\/2026\/01\/2601-img-blue-overlay-mbl.webp 936w, https:\/\/www.gs-gruppe.com\/wp-content\/uploads\/2026\/01\/2601-img-blue-overlay-mbl-300x191.webp 300w, https:\/\/www.gs-gruppe.com\/wp-content\/uploads\/2026\/01\/2601-img-blue-overlay-mbl-768x489.webp 768w\" sizes=\"(max-width: 936px) 100vw, 936px\" \/>\t\t\t\t\t\t\t\t\t\t\t\t\t\t\t<\/div>\n\t\t\t\t<div class=\"elementor-element elementor-element-9151205 elementor-absolute elementor-widget-mobile__width-inherit elementor-widget elementor-widget-text-editor\" data-id=\"9151205\" data-element_type=\"widget\" data-settings=\"{&quot;_position&quot;:&quot;absolute&quot;}\" data-widget_type=\"text-editor.default\">\n\t\t\t\t\t\t\t\t\t<h1 style=\"color: #ffffff; line-height: 2rem; font-size: 2rem; padding-bottom: 0; margin-bottom: 5px;\">Postupci zavarivanja<\/h1><p>Svi industrijski procesi zavarivanja<\/p>\t\t\t\t\t\t\t\t<\/div>\n\t\t\t\t<\/div>\n\t\t\t\t\t<\/div>\n\t\t\t\t<\/div>\n\t\t<div class=\"elementor-element elementor-element-ded8853 e-flex e-con-boxed e-con e-parent\" data-id=\"ded8853\" data-element_type=\"container\">\n\t\t\t\t\t<div class=\"e-con-inner\">\n\t\t<div class=\"elementor-element elementor-element-fabc65b e-con-full e-flex e-con e-child\" data-id=\"fabc65b\" data-element_type=\"container\">\n\t\t\t\t<div class=\"elementor-element elementor-element-157a70e elementor-widget elementor-widget-heading\" data-id=\"157a70e\" data-element_type=\"widget\" data-widget_type=\"heading.default\">\n\t\t\t\t\t<h3 class=\"elementor-heading-title elementor-size-default\">Postupci zavarivanja<\/h3>\t\t\t\t<\/div>\n\t\t\t\t<div class=\"elementor-element elementor-element-5dd60d6 elementor-widget-divider--view-line elementor-widget elementor-widget-divider\" data-id=\"5dd60d6\" data-element_type=\"widget\" data-widget_type=\"divider.default\">\n\t\t\t\t\t\t\t<div class=\"elementor-divider\">\n\t\t\t<span class=\"elementor-divider-separator\">\n\t\t\t\t\t\t<\/span>\n\t\t<\/div>\n\t\t\t\t\t\t<\/div>\n\t\t\t\t<div class=\"elementor-element elementor-element-2ac030c elementor-widget elementor-widget-text-editor\" data-id=\"2ac030c\" data-element_type=\"widget\" data-widget_type=\"text-editor.default\">\n\t\t\t\t\t\t\t\t\t<p>U podru\u010dju zavarivanja nudimo sve uobi\u010dajene postupke zavarivanja na sve \u010detiri lokacije, uklju\u010duju\u0107i zavarivanje metala u inertnom plinu (MIG) i metala u aktivnom plinu (MAG), zavarivanje volframovim inertnim plinom (TIG) i ru\u010dno elektrolu\u010dno zavarivanje (REL). Na\u0161a proizvodnja obuhva\u0107a zavarene konstrukcije s pojedina\u010dnom te\u017einom do 20 tona. Osim toga, koristimo moderne robote za zavarivanje za preciznu i u\u010dinkovitu proizvodnju komponenti du\u017eine do 12 metara.  <\/p>\t\t\t\t\t\t\t\t<\/div>\n\t\t\t\t<\/div>\n\t\t<div class=\"elementor-element elementor-element-b8571f4 e-con-full e-flex e-con e-child\" data-id=\"b8571f4\" data-element_type=\"container\">\n\t\t\t\t<div class=\"elementor-element elementor-element-998411f elementor-widget elementor-widget-image\" data-id=\"998411f\" data-element_type=\"widget\" data-widget_type=\"image.default\">\n\t\t\t\t\t\t\t\t\t\t\t\t\t\t\t<img decoding=\"async\" width=\"490\" height=\"320\" src=\"https:\/\/www.gs-gruppe.com\/wp-content\/uploads\/2026\/01\/2601-gs-gruppe-schweissen-img-3.webp\" class=\"attachment-full size-full wp-image-1194\" alt=\"GS Gruppe - Usluge - Zavarivanje\" srcset=\"https:\/\/www.gs-gruppe.com\/wp-content\/uploads\/2026\/01\/2601-gs-gruppe-schweissen-img-3.webp 490w, https:\/\/www.gs-gruppe.com\/wp-content\/uploads\/2026\/01\/2601-gs-gruppe-schweissen-img-3-300x196.webp 300w\" sizes=\"(max-width: 490px) 100vw, 490px\" \/>\t\t\t\t\t\t\t\t\t\t\t\t\t\t\t<\/div>\n\t\t\t\t<\/div>\n\t\t\t\t\t<\/div>\n\t\t\t\t<\/div>\n\t\t<div class=\"elementor-element elementor-element-6b6dcfc e-flex e-con-boxed e-con e-parent\" data-id=\"6b6dcfc\" data-element_type=\"container\">\n\t\t\t\t\t<div class=\"e-con-inner\">\n\t\t\t\t<div class=\"elementor-element elementor-element-d6594d7 elementor-widget elementor-widget-heading\" data-id=\"d6594d7\" data-element_type=\"widget\" data-widget_type=\"heading.default\">\n\t\t\t\t\t<h3 class=\"elementor-heading-title elementor-size-default\">Certifikati i Menad\u017ement kvalitete<\/h3>\t\t\t\t<\/div>\n\t\t\t\t<div class=\"elementor-element elementor-element-718976a elementor-widget-divider--view-line elementor-widget elementor-widget-divider\" data-id=\"718976a\" data-element_type=\"widget\" data-widget_type=\"divider.default\">\n\t\t\t\t\t\t\t<div class=\"elementor-divider\">\n\t\t\t<span class=\"elementor-divider-separator\">\n\t\t\t\t\t\t<\/span>\n\t\t<\/div>\n\t\t\t\t\t\t<\/div>\n\t\t\t\t<div class=\"elementor-element elementor-element-357de2e elementor-widget elementor-widget-text-editor\" data-id=\"357de2e\" data-element_type=\"widget\" data-widget_type=\"text-editor.default\">\n\t\t\t\t\t\t\t\t\t<p>Na\u0161i postupci zavarivanja certificirani su prema najvi\u0161im me\u0111unarodnim standardima kvalitete, posebno prema normi EN ISO 3834-2 za sveobuhvatne zahtjeve kvaliteta, DIN 2303 Q2 BK1 za zavarivanje u obrambenoj tehnologiji, EN 1090-2 za nosive \u010deli\u010dne komponente i EN 15085-2 za zavariva\u010dke radove na \u017eeljezni\u010dkim vozilima.<\/p>\t\t\t\t\t\t\t\t<\/div>\n\t\t\t\t\t<\/div>\n\t\t\t\t<\/div>\n\t\t<div class=\"elementor-element elementor-element-a0a52d8 e-flex e-con-boxed e-con e-parent\" data-id=\"a0a52d8\" data-element_type=\"container\">\n\t\t\t\t\t<div class=\"e-con-inner\">\n\t\t\t\t<div class=\"elementor-element elementor-element-2136cf2 elementor-widget elementor-widget-image\" data-id=\"2136cf2\" data-element_type=\"widget\" data-widget_type=\"image.default\">\n\t\t\t\t\t\t\t\t\t\t\t\t\t\t\t\t<a href=\"\/pdf\/certificates\/gs-gruppe-iso-3834-2.pdf\" target=\"_blank\">\n\t\t\t\t\t\t\t<img decoding=\"async\" src=\"https:\/\/www.gs-gruppe.com\/wp-content\/uploads\/2026\/01\/2601-leistungen-schweissen-zertifikat-3834-2.svg\" class=\"attachment-full size-full wp-image-1164\" alt=\"GS Group sertifikat za zavarivanje EN ISO 3834-2\" \/>\t\t\t\t\t\t\t\t<\/a>\n\t\t\t\t\t\t\t\t\t\t\t\t\t\t\t<\/div>\n\t\t\t\t<div class=\"elementor-element elementor-element-d7dc018 elementor-widget elementor-widget-image\" data-id=\"d7dc018\" data-element_type=\"widget\" data-widget_type=\"image.default\">\n\t\t\t\t\t\t\t\t\t\t\t\t\t\t\t\t<a href=\"\/pdf\/certificates\/gs-gruppe-en-1090-2.pdf\" target=\"_blank\">\n\t\t\t\t\t\t\t<img decoding=\"async\" src=\"https:\/\/www.gs-gruppe.com\/wp-content\/uploads\/2026\/01\/2601-leistungen-schweissen-zertifikat-1090-2.svg\" class=\"attachment-full size-full wp-image-1166\" alt=\"GS Gruppe ISO 9001-2015 DE\" \/>\t\t\t\t\t\t\t\t<\/a>\n\t\t\t\t\t\t\t\t\t\t\t\t\t\t\t<\/div>\n\t\t\t\t<div class=\"elementor-element elementor-element-257c2bd elementor-widget elementor-widget-image\" data-id=\"257c2bd\" data-element_type=\"widget\" data-widget_type=\"image.default\">\n\t\t\t\t\t\t\t\t\t\t\t\t\t\t\t\t<a href=\"\/pdf\/certificates\/gs-gruppe-en-15085-2.pdf\" target=\"_blank\">\n\t\t\t\t\t\t\t<img decoding=\"async\" src=\"https:\/\/www.gs-gruppe.com\/wp-content\/uploads\/2026\/01\/2601-leistungen-schweissen-zertifikat-15085-2.svg\" class=\"attachment-full size-full wp-image-1167\" alt=\"GS Group sertifikat za zavarivanje EN ISO 15085-2\" \/>\t\t\t\t\t\t\t\t<\/a>\n\t\t\t\t\t\t\t\t\t\t\t\t\t\t\t<\/div>\n\t\t\t\t<div class=\"elementor-element elementor-element-78e3c0e elementor-widget elementor-widget-image\" data-id=\"78e3c0e\" data-element_type=\"widget\" data-widget_type=\"image.default\">\n\t\t\t\t\t\t\t\t\t\t\t\t\t\t\t\t<a href=\"\/pdf\/certificates\/gs-gruppe-din-2303-q2-bk1.pdf\" target=\"_blank\">\n\t\t\t\t\t\t\t<img loading=\"lazy\" decoding=\"async\" width=\"244\" height=\"244\" src=\"https:\/\/www.gs-gruppe.com\/wp-content\/uploads\/2026\/02\/2601-gs-gruppe-qualitaetsmanagement-hero-mbl-2.webp\" class=\"attachment-full size-full wp-image-1168\" alt=\"GS Gruppe TUEV EN ISO 2023\" srcset=\"https:\/\/www.gs-gruppe.com\/wp-content\/uploads\/2026\/02\/2601-gs-gruppe-qualitaetsmanagement-hero-mbl-2.webp 244w, https:\/\/www.gs-gruppe.com\/wp-content\/uploads\/2026\/02\/2601-gs-gruppe-qualitaetsmanagement-hero-mbl-2-150x150.webp 150w\" sizes=\"(max-width: 244px) 100vw, 244px\" \/>\t\t\t\t\t\t\t\t<\/a>\n\t\t\t\t\t\t\t\t\t\t\t\t\t\t\t<\/div>\n\t\t\t\t\t<\/div>\n\t\t\t\t<\/div>\n\t\t<div class=\"elementor-element elementor-element-7befa61 e-flex e-con-boxed e-con e-parent\" data-id=\"7befa61\" data-element_type=\"container\">\n\t\t\t\t\t<div class=\"e-con-inner\">\n\t\t<div class=\"elementor-element elementor-element-7fced8a e-con-full e-flex e-con e-child\" data-id=\"7fced8a\" data-element_type=\"container\">\n\t\t\t\t<div class=\"elementor-element elementor-element-ddd6010 elementor-widget elementor-widget-text-editor\" data-id=\"ddd6010\" data-element_type=\"widget\" data-widget_type=\"text-editor.default\">\n\t\t\t\t\t\t\t\t\t<p>Nadalje, posjedujemo kvalifikacije i iskustvo za pra\u0107enje i kontrolu na\u0161ih zavarenih spojeva kori\u0161tenjem sljede\u0107ih metoda nerazornog ispitivanja (NDT):<\/p><p><span style=\"font-weight: 600;\">\u2022 Vizualni pregled (VT)<br>\u2022 Ispitivanje penetrantima (PT)<br>\u2022 Ispitivanje magnetskim \u010desticama (MT)<br>\u2022 Ultrazvu\u010dno ispitivanje (UT)<br><\/span><\/p><p>Ovi sveobuhvatni postupci ispitivanja jam\u010de uskla\u0111enost s najstro\u017eim zahtjevima kvalitete i osiguravaju pouzdanost na\u0161ih zavarenih konstrukcija.<\/p>\t\t\t\t\t\t\t\t<\/div>\n\t\t\t\t<\/div>\n\t\t<div class=\"elementor-element elementor-element-1e96a7d e-con-full e-flex e-con e-child\" data-id=\"1e96a7d\" data-element_type=\"container\">\n\t\t\t\t<div class=\"elementor-element elementor-element-a89c6ed elementor-widget elementor-widget-image\" data-id=\"a89c6ed\" data-element_type=\"widget\" data-widget_type=\"image.default\">\n\t\t\t\t\t\t\t\t\t\t\t\t\t\t\t<img loading=\"lazy\" decoding=\"async\" width=\"490\" height=\"320\" src=\"https:\/\/www.gs-gruppe.com\/wp-content\/uploads\/2026\/01\/2601-leistungen-schweissen-img-2.webp\" class=\"attachment-full size-full wp-image-1195\" alt=\"GS Gruppe - Schwei\u00dfen\" srcset=\"https:\/\/www.gs-gruppe.com\/wp-content\/uploads\/2026\/01\/2601-leistungen-schweissen-img-2.webp 490w, https:\/\/www.gs-gruppe.com\/wp-content\/uploads\/2026\/01\/2601-leistungen-schweissen-img-2-300x196.webp 300w\" sizes=\"(max-width: 490px) 100vw, 490px\" \/>\t\t\t\t\t\t\t\t\t\t\t\t\t\t\t<\/div>\n\t\t\t\t<\/div>\n\t\t\t\t\t<\/div>\n\t\t\t\t<\/div>\n\t\t\t\t<\/div>\n\t\t","protected":false},"excerpt":{"rendered":"<p>Preciznozavarivanje Svi industrijski postupci zavarivanja za optimalnu implementaciju projekta Postupci zavarivanja Svi industrijski procesi zavarivanja Postupci zavarivanja U podru\u010dju zavarivanja nudimo sve uobi\u010dajene postupke zavarivanja na sve \u010detiri lokacije, uklju\u010duju\u0107i zavarivanje metala u inertnom plinu (MIG) i metala u aktivnom plinu (MAG), zavarivanje volframovim inertnim plinom (TIG) i ru\u010dno elektrolu\u010dno zavarivanje (REL). Na\u0161a proizvodnja obuhva\u0107a [&hellip;]<\/p>\n","protected":false},"author":1,"featured_media":0,"parent":0,"menu_order":0,"comment_status":"closed","ping_status":"closed","template":"","meta":{"footnotes":""},"folder":[9],"class_list":["post-1197","page","type-page","status-publish","hentry"],"_links":{"self":[{"href":"https:\/\/www.gs-gruppe.com\/bs\/wp-json\/wp\/v2\/pages\/1197","targetHints":{"allow":["GET"]}}],"collection":[{"href":"https:\/\/www.gs-gruppe.com\/bs\/wp-json\/wp\/v2\/pages"}],"about":[{"href":"https:\/\/www.gs-gruppe.com\/bs\/wp-json\/wp\/v2\/types\/page"}],"author":[{"embeddable":true,"href":"https:\/\/www.gs-gruppe.com\/bs\/wp-json\/wp\/v2\/users\/1"}],"replies":[{"embeddable":true,"href":"https:\/\/www.gs-gruppe.com\/bs\/wp-json\/wp\/v2\/comments?post=1197"}],"version-history":[{"count":1,"href":"https:\/\/www.gs-gruppe.com\/bs\/wp-json\/wp\/v2\/pages\/1197\/revisions"}],"predecessor-version":[{"id":1206,"href":"https:\/\/www.gs-gruppe.com\/bs\/wp-json\/wp\/v2\/pages\/1197\/revisions\/1206"}],"wp:attachment":[{"href":"https:\/\/www.gs-gruppe.com\/bs\/wp-json\/wp\/v2\/media?parent=1197"}],"wp:term":[{"taxonomy":"folder","embeddable":true,"href":"https:\/\/www.gs-gruppe.com\/bs\/wp-json\/wp\/v2\/folder?post=1197"}],"curies":[{"name":"wp","href":"https:\/\/api.w.org\/{rel}","templated":true}]}}